{"id":1331,"date":"2022-09-28T16:10:41","date_gmt":"2022-09-28T14:10:41","guid":{"rendered":"https:\/\/www.hsjamtland.se\/ski-lodge\/?page_id=1331"},"modified":"2022-10-21T10:17:11","modified_gmt":"2022-10-21T08:17:11","slug":"boende","status":"publish","type":"page","link":"https:\/\/www.hsjamtland.se\/ski-lodge\/boende\/","title":{"rendered":"Boende"},"content":{"rendered":"\t\t<div data-elementor-type=\"wp-page\" data-elementor-id=\"1331\" class=\"elementor elementor-1331\">\n\t\t\t\t\t\t<section class=\"elementor-section elementor-top-section elementor-element elementor-element-b7c4e97 elementor-section-height-min-height elementor-section-boxed elementor-section-height-default elementor-section-items-middle\" data-id=\"b7c4e97\" data-element_type=\"section\" data-e-type=\"section\" data-settings=\"{&quot;background_background&quot;:&quot;classic&quot;}\">\n\t\t\t\t\t\t<div class=\"elementor-container elementor-column-gap-default\">\n\t\t\t\t\t<div class=\"elementor-column elementor-col-100 elementor-top-column elementor-element elementor-element-3256170\" data-id=\"3256170\" data-element_type=\"column\" data-e-type=\"column\">\n\t\t\t<div class=\"elementor-widget-wrap\">\n\t\t\t\t\t\t\t<\/div>\n\t\t<\/div>\n\t\t\t\t\t<\/div>\n\t\t<\/section>\n\t\t\t\t<section class=\"elementor-section elementor-top-section elementor-element elementor-element-4202107 elementor-section-boxed elementor-section-height-default elementor-section-height-default\" data-id=\"4202107\" data-element_type=\"section\" data-e-type=\"section\">\n\t\t\t\t\t\t<div class=\"elementor-container elementor-column-gap-default\">\n\t\t\t\t\t<div class=\"elementor-column elementor-col-100 elementor-top-column elementor-element elementor-element-9de766b\" data-id=\"9de766b\" data-element_type=\"column\" data-e-type=\"column\">\n\t\t\t<div class=\"elementor-widget-wrap elementor-element-populated\">\n\t\t\t\t\t\t<div class=\"elementor-element elementor-element-6ec0875 elementor-widget elementor-widget-spacer\" data-id=\"6ec0875\" data-element_type=\"widget\" data-e-type=\"widget\" data-widget_type=\"spacer.default\">\n\t\t\t\t<div class=\"elementor-widget-container\">\n\t\t\t\t\t\t\t<div class=\"elementor-spacer\">\n\t\t\t<div class=\"elementor-spacer-inner\"><\/div>\n\t\t<\/div>\n\t\t\t\t\t\t<\/div>\n\t\t\t\t<\/div>\n\t\t\t\t\t<\/div>\n\t\t<\/div>\n\t\t\t\t\t<\/div>\n\t\t<\/section>\n\t\t\t\t<section class=\"elementor-section elementor-top-section elementor-element elementor-element-b4a5bbb elementor-section-boxed elementor-section-height-default elementor-section-height-default\" data-id=\"b4a5bbb\" data-element_type=\"section\" data-e-type=\"section\">\n\t\t\t\t\t\t<div class=\"elementor-container elementor-column-gap-default\">\n\t\t\t\t\t<div class=\"elementor-column elementor-col-100 elementor-top-column elementor-element elementor-element-e3f6031\" data-id=\"e3f6031\" data-element_type=\"column\" data-e-type=\"column\">\n\t\t\t<div class=\"elementor-widget-wrap elementor-element-populated\">\n\t\t\t\t\t\t<div class=\"elementor-element elementor-element-d6981d9 elementor-widget elementor-widget-text-editor\" data-id=\"d6981d9\" data-element_type=\"widget\" data-e-type=\"widget\" data-widget_type=\"text-editor.default\">\n\t\t\t\t<div class=\"elementor-widget-container\">\n\t\t\t\t\t\t\t\t\t<h1>Boende<\/h1><p>Storhogna Ski Lodge har med sina 5 sovrum och 4 badrum de b\u00e4sta f\u00f6ruts\u00e4ttningarna f\u00f6r en sk\u00f6n fj\u00e4llvistelse b\u00e5de f\u00f6r den mindre familjen och f\u00f6r flera s\u00e4llskap. Stugans hj\u00e4rta \u00e4r det \u00f6ppna k\u00f6ket och vardagsrummet med en brasa vid soffgruppen. En bastu med relaxavdelning och bubbelbadkar samt en avskild TV-h\u00f6rna p\u00e5 loftet ger m\u00f6jligheter till b\u00e5de umg\u00e4nge och avkoppling.<\/p><p>\u00a0<\/p><p>Ski lodgen ligger p\u00e5 en av de h\u00f6gst bel\u00e4gna tomterna i den \u201dgamla delen\u201d av Storhogna med direkt n\u00e4rhet till kalfj\u00e4llet och en kort promenad ner till slalombackarna och Storhogna H\u00f6gfj\u00e4llshotell.<\/p><p>\u00a0<\/p><p><span style=\"font-style: inherit; font-weight: inherit; background-color: var(--ast-global-color-5);\">Sovrum 1: St\u00f6rre sovrum med eget badrum. Dubbels\u00e4ng och gott om utrymme f\u00f6r eventuella barn- eller extras\u00e4ngar. Ligger avskilt fr\u00e5n de andra sovrummen.<\/span><\/p><p><span style=\"font-style: inherit; font-weight: inherit; background-color: var(--ast-global-color-5);\">\u00a0<\/span><\/p><p><span style=\"font-style: inherit; font-weight: inherit; background-color: var(--ast-global-color-5);\">Sovrum 2: P\u00e5 \u00f6verv\u00e5ningen ligger detta mysiga sovrum med utsikt l\u00e5ngt bort \u00f6ver fj\u00e4llet. Dubbels\u00e4ng och eget badrum.<\/span><\/p><p>\u00a0<\/p><p>Sovrum 3: Dubbels\u00e4ng och skrivbord, perfekt f\u00f6r den som beh\u00f6ver jobba n\u00e5gra timmar med utsikt \u00f6ver omr\u00e5det.<\/p><p>\u00a0<\/p><p>Sovrum 4: Dubbels\u00e4ng och vacker utsikt fr\u00e5n tv\u00e5 h\u00e5ll. Egen utg\u00e5ng till terrassen.<\/p><p>\u00a0<\/p><p>Sovrum 5: Mindre sovrum med en 140 cm bred s\u00e4ng och utsikt mot Storhognas slalombackar.<\/p><p>\u00a0<\/p><p>Sovrum 3, 4 och 5 ligger samlade i en egen del av stugan som skiljs av fr\u00e5n k\u00f6k och allrum med en t\u00e4ttslutande d\u00f6rr. Dessa sovrum delar p\u00e5 ett st\u00f6rre badrum.<\/p><p>\u00a0<\/p><p>\u00d6vrigt: Bastu med relax och toalett, tv\u00e4ttstuga med tv\u00e4ttmaskin och torktumlare, garage med plats f\u00f6r tv\u00e5 bilar, skidor, pj\u00e4xor och torksk\u00e5p. M\u00f6jlighet till extras\u00e4ng. Kolgrill. M\u00f6jlighet att l\u00e5na fj\u00e4llpulka f\u00f6r mindre barn (s\u00e5v\u00e4l enkel som dubbel). Altan med m\u00f6jlighet till egen after ski.<\/p><p>\u00a0<\/p><p>I priset ing\u00e5r alltid avresest\u00e4d, handdukar samt b\u00e4ddade s\u00e4ngar.<\/p>\t\t\t\t\t\t\t\t<\/div>\n\t\t\t\t<\/div>\n\t\t\t\t\t<\/div>\n\t\t<\/div>\n\t\t\t\t\t<\/div>\n\t\t<\/section>\n\t\t\t\t<section class=\"elementor-section elementor-top-section elementor-element elementor-element-8479b63 elementor-section-boxed elementor-section-height-default elementor-section-height-default\" data-id=\"8479b63\" data-element_type=\"section\" data-e-type=\"section\">\n\t\t\t\t\t\t<div class=\"elementor-container elementor-column-gap-default\">\n\t\t\t\t\t<div class=\"elementor-column elementor-col-100 elementor-top-column elementor-element elementor-element-989a83c\" data-id=\"989a83c\" data-element_type=\"column\" data-e-type=\"column\">\n\t\t\t<div class=\"elementor-widget-wrap elementor-element-populated\">\n\t\t\t\t\t\t<div class=\"elementor-element elementor-element-48da921 elementor-widget elementor-widget-spacer\" data-id=\"48da921\" data-element_type=\"widget\" data-e-type=\"widget\" data-widget_type=\"spacer.default\">\n\t\t\t\t<div class=\"elementor-widget-container\">\n\t\t\t\t\t\t\t<div class=\"elementor-spacer\">\n\t\t\t<div class=\"elementor-spacer-inner\"><\/div>\n\t\t<\/div>\n\t\t\t\t\t\t<\/div>\n\t\t\t\t<\/div>\n\t\t\t\t\t<\/div>\n\t\t<\/div>\n\t\t\t\t\t<\/div>\n\t\t<\/section>\n\t\t\t\t<section class=\"elementor-section elementor-top-section elementor-element elementor-element-4e0289a elementor-section-boxed elementor-section-height-default elementor-section-height-default\" data-id=\"4e0289a\" data-element_type=\"section\" data-e-type=\"section\">\n\t\t\t\t\t\t<div class=\"elementor-container elementor-column-gap-default\">\n\t\t\t\t\t<div class=\"elementor-column elementor-col-100 elementor-top-column elementor-element elementor-element-5907eec\" data-id=\"5907eec\" data-element_type=\"column\" data-e-type=\"column\">\n\t\t\t<div class=\"elementor-widget-wrap elementor-element-populated\">\n\t\t\t\t\t\t<div class=\"elementor-element elementor-element-d6b9b6f elementor-arrows-position-outside elementor-pagination-position-outside elementor-widget elementor-widget-image-carousel\" data-id=\"d6b9b6f\" data-element_type=\"widget\" data-e-type=\"widget\" data-settings=\"{&quot;_animation&quot;:&quot;none&quot;,&quot;navigation&quot;:&quot;both&quot;,&quot;autoplay&quot;:&quot;yes&quot;,&quot;pause_on_hover&quot;:&quot;yes&quot;,&quot;pause_on_interaction&quot;:&quot;yes&quot;,&quot;autoplay_speed&quot;:5000,&quot;infinite&quot;:&quot;yes&quot;,&quot;speed&quot;:500}\" data-widget_type=\"image-carousel.default\">\n\t\t\t\t<div class=\"elementor-widget-container\">\n\t\t\t\t\t\t\t<div class=\"elementor-image-carousel-wrapper swiper\" role=\"region\" aria-roledescription=\"carousel\" aria-label=\"Bildkarusell\" dir=\"ltr\">\n\t\t\t<div class=\"elementor-image-carousel swiper-wrapper\" aria-live=\"off\">\n\t\t\t\t\t\t\t\t<div class=\"swiper-slide\" role=\"group\" aria-roledescription=\"slide\" aria-label=\"1 av 12\"><a data-elementor-open-lightbox=\"yes\" data-elementor-lightbox-slideshow=\"d6b9b6f\" data-elementor-lightbox-title=\"Allrum.\" data-e-action-hash=\"#elementor-action%3Aaction%3Dlightbox%26settings%3DeyJpZCI6MTM2MywidXJsIjoiaHR0cHM6XC9cL3d3dy5oc2phbXRsYW5kLnNlXC9za2ktbG9kZ2VcL3dwLWNvbnRlbnRcL3VwbG9hZHNcL3NpdGVzXC8zXC8yMDIyXC8wOVwvR2FsbGVyaS1JTUdfNDMwNy1zY2FsZWQuanBlZyIsInNsaWRlc2hvdyI6ImQ2YjliNmYifQ%3D%3D\" href=\"https:\/\/www.hsjamtland.se\/ski-lodge\/wp-content\/uploads\/sites\/3\/2022\/09\/Galleri-IMG_4307-scaled.jpeg\"><figure class=\"swiper-slide-inner\"><img decoding=\"async\" class=\"swiper-slide-image\" src=\"https:\/\/www.hsjamtland.se\/ski-lodge\/wp-content\/uploads\/sites\/3\/2022\/09\/Galleri-IMG_4307-300x225.jpeg\" alt=\"Allrum.\" \/><figcaption class=\"elementor-image-carousel-caption\">Allrum.<\/figcaption><\/figure><\/a><\/div><div class=\"swiper-slide\" role=\"group\" aria-roledescription=\"slide\" aria-label=\"2 av 12\"><a data-elementor-open-lightbox=\"yes\" data-elementor-lightbox-slideshow=\"d6b9b6f\" data-elementor-lightbox-title=\"Allrum.\" data-e-action-hash=\"#elementor-action%3Aaction%3Dlightbox%26settings%3DeyJpZCI6MTM2MiwidXJsIjoiaHR0cHM6XC9cL3d3dy5oc2phbXRsYW5kLnNlXC9za2ktbG9kZ2VcL3dwLWNvbnRlbnRcL3VwbG9hZHNcL3NpdGVzXC8zXC8yMDIyXC8wOVwvR2FsbGVyaS1JTUdfNDMwNi1zY2FsZWQuanBlZyIsInNsaWRlc2hvdyI6ImQ2YjliNmYifQ%3D%3D\" href=\"https:\/\/www.hsjamtland.se\/ski-lodge\/wp-content\/uploads\/sites\/3\/2022\/09\/Galleri-IMG_4306-scaled.jpeg\"><figure class=\"swiper-slide-inner\"><img decoding=\"async\" class=\"swiper-slide-image\" src=\"https:\/\/www.hsjamtland.se\/ski-lodge\/wp-content\/uploads\/sites\/3\/2022\/09\/Galleri-IMG_4306-300x225.jpeg\" alt=\"Allrum.\" \/><figcaption class=\"elementor-image-carousel-caption\">Allrum.<\/figcaption><\/figure><\/a><\/div><div class=\"swiper-slide\" role=\"group\" aria-roledescription=\"slide\" aria-label=\"3 av 12\"><a data-elementor-open-lightbox=\"yes\" data-elementor-lightbox-slideshow=\"d6b9b6f\" data-elementor-lightbox-title=\"Allrum.\" data-e-action-hash=\"#elementor-action%3Aaction%3Dlightbox%26settings%3DeyJpZCI6MTM0NSwidXJsIjoiaHR0cHM6XC9cL3d3dy5oc2phbXRsYW5kLnNlXC9za2ktbG9kZ2VcL3dwLWNvbnRlbnRcL3VwbG9hZHNcL3NpdGVzXC8zXC8yMDIyXC8wOVwvR2FsbGVyaS1JTUdfMDA0Ni1zY2FsZWQuanBlZyIsInNsaWRlc2hvdyI6ImQ2YjliNmYifQ%3D%3D\" href=\"https:\/\/www.hsjamtland.se\/ski-lodge\/wp-content\/uploads\/sites\/3\/2022\/09\/Galleri-IMG_0046-scaled.jpeg\"><figure class=\"swiper-slide-inner\"><img decoding=\"async\" class=\"swiper-slide-image\" src=\"https:\/\/www.hsjamtland.se\/ski-lodge\/wp-content\/uploads\/sites\/3\/2022\/09\/Galleri-IMG_0046-300x225.jpeg\" alt=\"Allrum.\" \/><figcaption class=\"elementor-image-carousel-caption\">Allrum.<\/figcaption><\/figure><\/a><\/div><div class=\"swiper-slide\" role=\"group\" aria-roledescription=\"slide\" aria-label=\"4 av 12\"><a data-elementor-open-lightbox=\"yes\" data-elementor-lightbox-slideshow=\"d6b9b6f\" data-elementor-lightbox-title=\"Sovrum 1.\" data-e-action-hash=\"#elementor-action%3Aaction%3Dlightbox%26settings%3DeyJpZCI6MTY4MiwidXJsIjoiaHR0cHM6XC9cL3d3dy5oc2phbXRsYW5kLnNlXC9za2ktbG9kZ2VcL3dwLWNvbnRlbnRcL3VwbG9hZHNcL3NpdGVzXC8zXC8yMDIyXC8xMFwvU292cnVtLTEtSU1HXzUxNTEtc2NhbGVkLmpwZWciLCJzbGlkZXNob3ciOiJkNmI5YjZmIn0%3D\" href=\"https:\/\/www.hsjamtland.se\/ski-lodge\/wp-content\/uploads\/sites\/3\/2022\/10\/Sovrum-1-IMG_5151-scaled.jpeg\"><figure class=\"swiper-slide-inner\"><img decoding=\"async\" class=\"swiper-slide-image\" src=\"https:\/\/www.hsjamtland.se\/ski-lodge\/wp-content\/uploads\/sites\/3\/2022\/10\/Sovrum-1-IMG_5151-300x225.jpeg\" alt=\"Sovrum 1.\" \/><figcaption class=\"elementor-image-carousel-caption\">Sovrum 1.<\/figcaption><\/figure><\/a><\/div><div class=\"swiper-slide\" role=\"group\" aria-roledescription=\"slide\" aria-label=\"5 av 12\"><a data-elementor-open-lightbox=\"yes\" data-elementor-lightbox-slideshow=\"d6b9b6f\" data-elementor-lightbox-title=\"Sovrum 1.\" data-e-action-hash=\"#elementor-action%3Aaction%3Dlightbox%26settings%3DeyJpZCI6MTY4MywidXJsIjoiaHR0cHM6XC9cL3d3dy5oc2phbXRsYW5kLnNlXC9za2ktbG9kZ2VcL3dwLWNvbnRlbnRcL3VwbG9hZHNcL3NpdGVzXC8zXC8yMDIyXC8xMFwvU292cnVtLTEtSU1HXzUxNTItc2NhbGVkLmpwZWciLCJzbGlkZXNob3ciOiJkNmI5YjZmIn0%3D\" href=\"https:\/\/www.hsjamtland.se\/ski-lodge\/wp-content\/uploads\/sites\/3\/2022\/10\/Sovrum-1-IMG_5152-scaled.jpeg\"><figure class=\"swiper-slide-inner\"><img decoding=\"async\" class=\"swiper-slide-image\" src=\"https:\/\/www.hsjamtland.se\/ski-lodge\/wp-content\/uploads\/sites\/3\/2022\/10\/Sovrum-1-IMG_5152-300x225.jpeg\" alt=\"Sovrum 1.\" \/><figcaption class=\"elementor-image-carousel-caption\">Sovrum 1.<\/figcaption><\/figure><\/a><\/div><div class=\"swiper-slide\" role=\"group\" aria-roledescription=\"slide\" aria-label=\"6 av 12\"><a data-elementor-open-lightbox=\"yes\" data-elementor-lightbox-slideshow=\"d6b9b6f\" data-elementor-lightbox-title=\"Sovrum 2.\" data-e-action-hash=\"#elementor-action%3Aaction%3Dlightbox%26settings%3DeyJpZCI6MTY4NCwidXJsIjoiaHR0cHM6XC9cL3d3dy5oc2phbXRsYW5kLnNlXC9za2ktbG9kZ2VcL3dwLWNvbnRlbnRcL3VwbG9hZHNcL3NpdGVzXC8zXC8yMDIyXC8xMFwvU292cnVtLTItSU1HXzUxNTMtc2NhbGVkLmpwZWciLCJzbGlkZXNob3ciOiJkNmI5YjZmIn0%3D\" href=\"https:\/\/www.hsjamtland.se\/ski-lodge\/wp-content\/uploads\/sites\/3\/2022\/10\/Sovrum-2-IMG_5153-scaled.jpeg\"><figure class=\"swiper-slide-inner\"><img decoding=\"async\" class=\"swiper-slide-image\" src=\"https:\/\/www.hsjamtland.se\/ski-lodge\/wp-content\/uploads\/sites\/3\/2022\/10\/Sovrum-2-IMG_5153-300x225.jpeg\" alt=\"Sovrum 2.\" \/><figcaption class=\"elementor-image-carousel-caption\">Sovrum 2.<\/figcaption><\/figure><\/a><\/div><div class=\"swiper-slide\" role=\"group\" aria-roledescription=\"slide\" aria-label=\"7 av 12\"><a data-elementor-open-lightbox=\"yes\" data-elementor-lightbox-slideshow=\"d6b9b6f\" data-elementor-lightbox-title=\"Sovrum 2.\" data-e-action-hash=\"#elementor-action%3Aaction%3Dlightbox%26settings%3DeyJpZCI6MTY4NSwidXJsIjoiaHR0cHM6XC9cL3d3dy5oc2phbXRsYW5kLnNlXC9za2ktbG9kZ2VcL3dwLWNvbnRlbnRcL3VwbG9hZHNcL3NpdGVzXC8zXC8yMDIyXC8xMFwvU292cnVtLTItSU1HXzUxNTUtc2NhbGVkLmpwZWciLCJzbGlkZXNob3ciOiJkNmI5YjZmIn0%3D\" href=\"https:\/\/www.hsjamtland.se\/ski-lodge\/wp-content\/uploads\/sites\/3\/2022\/10\/Sovrum-2-IMG_5155-scaled.jpeg\"><figure class=\"swiper-slide-inner\"><img decoding=\"async\" class=\"swiper-slide-image\" src=\"https:\/\/www.hsjamtland.se\/ski-lodge\/wp-content\/uploads\/sites\/3\/2022\/10\/Sovrum-2-IMG_5155-225x300.jpeg\" alt=\"Sovrum 2.\" \/><figcaption class=\"elementor-image-carousel-caption\">Sovrum 2.<\/figcaption><\/figure><\/a><\/div><div class=\"swiper-slide\" role=\"group\" aria-roledescription=\"slide\" aria-label=\"8 av 12\"><a data-elementor-open-lightbox=\"yes\" data-elementor-lightbox-slideshow=\"d6b9b6f\" data-elementor-lightbox-title=\"Sovrum 3.\" data-e-action-hash=\"#elementor-action%3Aaction%3Dlightbox%26settings%3DeyJpZCI6MTY5MSwidXJsIjoiaHR0cHM6XC9cL3d3dy5oc2phbXRsYW5kLnNlXC9za2ktbG9kZ2VcL3dwLWNvbnRlbnRcL3VwbG9hZHNcL3NpdGVzXC8zXC8yMDIyXC8xMFwvU292cnVtLTMtSU1HXzUyMjktc2NhbGVkLmpwZWciLCJzbGlkZXNob3ciOiJkNmI5YjZmIn0%3D\" href=\"https:\/\/www.hsjamtland.se\/ski-lodge\/wp-content\/uploads\/sites\/3\/2022\/10\/Sovrum-3-IMG_5229-scaled.jpeg\"><figure class=\"swiper-slide-inner\"><img decoding=\"async\" class=\"swiper-slide-image\" src=\"https:\/\/www.hsjamtland.se\/ski-lodge\/wp-content\/uploads\/sites\/3\/2022\/10\/Sovrum-3-IMG_5229-225x300.jpeg\" alt=\"Sovrum 3.\" \/><figcaption class=\"elementor-image-carousel-caption\">Sovrum 3.<\/figcaption><\/figure><\/a><\/div><div class=\"swiper-slide\" role=\"group\" aria-roledescription=\"slide\" aria-label=\"9 av 12\"><a data-elementor-open-lightbox=\"yes\" data-elementor-lightbox-slideshow=\"d6b9b6f\" data-elementor-lightbox-title=\"Sovrum 3.\" data-e-action-hash=\"#elementor-action%3Aaction%3Dlightbox%26settings%3DeyJpZCI6MTY5MiwidXJsIjoiaHR0cHM6XC9cL3d3dy5oc2phbXRsYW5kLnNlXC9za2ktbG9kZ2VcL3dwLWNvbnRlbnRcL3VwbG9hZHNcL3NpdGVzXC8zXC8yMDIyXC8xMFwvU292cnVtLTMtSU1HXzUyNTAtc2NhbGVkLmpwZWciLCJzbGlkZXNob3ciOiJkNmI5YjZmIn0%3D\" href=\"https:\/\/www.hsjamtland.se\/ski-lodge\/wp-content\/uploads\/sites\/3\/2022\/10\/Sovrum-3-IMG_5250-scaled.jpeg\"><figure class=\"swiper-slide-inner\"><img decoding=\"async\" class=\"swiper-slide-image\" src=\"https:\/\/www.hsjamtland.se\/ski-lodge\/wp-content\/uploads\/sites\/3\/2022\/10\/Sovrum-3-IMG_5250-225x300.jpeg\" alt=\"Sovrum 3.\" \/><figcaption class=\"elementor-image-carousel-caption\">Sovrum 3.<\/figcaption><\/figure><\/a><\/div><div class=\"swiper-slide\" role=\"group\" aria-roledescription=\"slide\" aria-label=\"10 av 12\"><a data-elementor-open-lightbox=\"yes\" data-elementor-lightbox-slideshow=\"d6b9b6f\" data-elementor-lightbox-title=\"Sovrum 4.\" data-e-action-hash=\"#elementor-action%3Aaction%3Dlightbox%26settings%3DeyJpZCI6MTY4OSwidXJsIjoiaHR0cHM6XC9cL3d3dy5oc2phbXRsYW5kLnNlXC9za2ktbG9kZ2VcL3dwLWNvbnRlbnRcL3VwbG9hZHNcL3NpdGVzXC8zXC8yMDIyXC8xMFwvU292cnVtLTUtSU1HXzUyNTEtc2NhbGVkLmpwZWciLCJzbGlkZXNob3ciOiJkNmI5YjZmIn0%3D\" href=\"https:\/\/www.hsjamtland.se\/ski-lodge\/wp-content\/uploads\/sites\/3\/2022\/10\/Sovrum-5-IMG_5251-scaled.jpeg\"><figure class=\"swiper-slide-inner\"><img decoding=\"async\" class=\"swiper-slide-image\" src=\"https:\/\/www.hsjamtland.se\/ski-lodge\/wp-content\/uploads\/sites\/3\/2022\/10\/Sovrum-5-IMG_5251-300x225.jpeg\" alt=\"Sovrum 4.\" \/><figcaption class=\"elementor-image-carousel-caption\">Sovrum 4.<\/figcaption><\/figure><\/a><\/div><div class=\"swiper-slide\" role=\"group\" aria-roledescription=\"slide\" aria-label=\"11 av 12\"><a data-elementor-open-lightbox=\"yes\" data-elementor-lightbox-slideshow=\"d6b9b6f\" data-elementor-lightbox-title=\"Sovrum 4.\" data-e-action-hash=\"#elementor-action%3Aaction%3Dlightbox%26settings%3DeyJpZCI6MTY5MCwidXJsIjoiaHR0cHM6XC9cL3d3dy5oc2phbXRsYW5kLnNlXC9za2ktbG9kZ2VcL3dwLWNvbnRlbnRcL3VwbG9hZHNcL3NpdGVzXC8zXC8yMDIyXC8xMFwvU292cnVtLTUtSU1HXzUyNTItc2NhbGVkLmpwZWciLCJzbGlkZXNob3ciOiJkNmI5YjZmIn0%3D\" href=\"https:\/\/www.hsjamtland.se\/ski-lodge\/wp-content\/uploads\/sites\/3\/2022\/10\/Sovrum-5-IMG_5252-scaled.jpeg\"><figure class=\"swiper-slide-inner\"><img decoding=\"async\" class=\"swiper-slide-image\" src=\"https:\/\/www.hsjamtland.se\/ski-lodge\/wp-content\/uploads\/sites\/3\/2022\/10\/Sovrum-5-IMG_5252-300x225.jpeg\" alt=\"Sovrum 4.\" \/><figcaption class=\"elementor-image-carousel-caption\">Sovrum 4.<\/figcaption><\/figure><\/a><\/div><div class=\"swiper-slide\" role=\"group\" aria-roledescription=\"slide\" aria-label=\"12 av 12\"><a data-elementor-open-lightbox=\"yes\" data-elementor-lightbox-slideshow=\"d6b9b6f\" data-elementor-lightbox-title=\"Sovrum 5.\" data-e-action-hash=\"#elementor-action%3Aaction%3Dlightbox%26settings%3DeyJpZCI6MTY4OCwidXJsIjoiaHR0cHM6XC9cL3d3dy5oc2phbXRsYW5kLnNlXC9za2ktbG9kZ2VcL3dwLWNvbnRlbnRcL3VwbG9hZHNcL3NpdGVzXC8zXC8yMDIyXC8xMFwvU292cnVtLTUtSU1HXzUyNDctc2NhbGVkLmpwZWciLCJzbGlkZXNob3ciOiJkNmI5YjZmIn0%3D\" href=\"https:\/\/www.hsjamtland.se\/ski-lodge\/wp-content\/uploads\/sites\/3\/2022\/10\/Sovrum-5-IMG_5247-scaled.jpeg\"><figure class=\"swiper-slide-inner\"><img decoding=\"async\" class=\"swiper-slide-image\" src=\"https:\/\/www.hsjamtland.se\/ski-lodge\/wp-content\/uploads\/sites\/3\/2022\/10\/Sovrum-5-IMG_5247-225x300.jpeg\" alt=\"Sovrum 5.\" \/><figcaption class=\"elementor-image-carousel-caption\">Sovrum 5.<\/figcaption><\/figure><\/a><\/div>\t\t\t<\/div>\n\t\t\t\t\t\t\t\t\t\t\t\t<div class=\"elementor-swiper-button elementor-swiper-button-prev\" role=\"button\" tabindex=\"0\">\n\t\t\t\t\t\t<i aria-hidden=\"true\" class=\"eicon-chevron-left\"><\/i>\t\t\t\t\t<\/div>\n\t\t\t\t\t<div class=\"elementor-swiper-button elementor-swiper-button-next\" role=\"button\" tabindex=\"0\">\n\t\t\t\t\t\t<i aria-hidden=\"true\" class=\"eicon-chevron-right\"><\/i>\t\t\t\t\t<\/div>\n\t\t\t\t\n\t\t\t\t\t\t\t\t\t<div class=\"swiper-pagination\"><\/div>\n\t\t\t\t\t\t\t\t\t<\/div>\n\t\t\t\t\t\t<\/div>\n\t\t\t\t<\/div>\n\t\t\t\t\t<\/div>\n\t\t<\/div>\n\t\t\t\t\t<\/div>\n\t\t<\/section>\n\t\t\t\t<\/div>\n\t\t","protected":false},"excerpt":{"rendered":"<p>Boende Storhogna Ski Lodge har med sina 5 sovrum och 4 badrum de b\u00e4sta f\u00f6ruts\u00e4ttningarna f\u00f6r en sk\u00f6n fj\u00e4llvistelse b\u00e5de f\u00f6r den mindre familjen och f\u00f6r flera s\u00e4llskap. Stugans hj\u00e4rta \u00e4r det \u00f6ppna k\u00f6ket och vardagsrummet med en brasa vid soffgruppen. En bastu med relaxavdelning och bubbelbadkar samt en avskild TV-h\u00f6rna p\u00e5 loftet ger m\u00f6jligheter [&hellip;]<\/p>\n","protected":false},"author":1,"featured_media":0,"parent":0,"menu_order":0,"comment_status":"closed","ping_status":"closed","template":"","meta":{"_seopress_robots_primary_cat":"","_seopress_titles_title":"","_seopress_titles_desc":"","_seopress_robots_index":"","site-sidebar-layout":"no-sidebar","site-content-layout":"page-builder","ast-site-content-layout":"default","site-content-style":"default","site-sidebar-style":"default","ast-global-header-display":"","ast-banner-title-visibility":"","ast-main-header-display":"","ast-hfb-above-header-display":"","ast-hfb-below-header-display":"","ast-hfb-mobile-header-display":"","site-post-title":"disabled","ast-breadcrumbs-content":"","ast-featured-img":"disabled","footer-sml-layout":"","ast-disable-related-posts":"","theme-transparent-header-meta":"","adv-header-id-meta":"","stick-header-meta":"","header-above-stick-meta":"","header-main-stick-meta":"","header-below-stick-meta":"","astra-migrate-meta-layouts":"default","ast-page-background-enabled":"default","ast-page-background-meta":{"desktop":{"background-color":"var(--ast-global-color-4)","background-image":"","background-repeat":"repeat","background-position":"center center","background-size":"auto","background-attachment":"scroll","background-type":"","background-media":"","overlay-type":"","overlay-color":"","overlay-opacity":"","overlay-gradient":""},"tablet":{"background-color":"","background-image":"","background-repeat":"repeat","background-position":"center center","background-size":"auto","background-attachment":"scroll","background-type":"","background-media":"","overlay-type":"","overlay-color":"","overlay-opacity":"","overlay-gradient":""},"mobile":{"background-color":"","background-image":"","background-repeat":"repeat","background-position":"center center","background-size":"auto","background-attachment":"scroll","background-type":"","background-media":"","overlay-type":"","overlay-color":"","overlay-opacity":"","overlay-gradient":""}},"ast-content-background-meta":{"desktop":{"background-color":"var(--ast-global-color-5)","background-image":"","background-repeat":"repeat","background-position":"center center","background-size":"auto","background-attachment":"scroll","background-type":"","background-media":"","overlay-type":"","overlay-color":"","overlay-opacity":"","overlay-gradient":""},"tablet":{"background-color":"var(--ast-global-color-5)","background-image":"","background-repeat":"repeat","background-position":"center center","background-size":"auto","background-attachment":"scroll","background-type":"","background-media":"","overlay-type":"","overlay-color":"","overlay-opacity":"","overlay-gradient":""},"mobile":{"background-color":"var(--ast-global-color-5)","background-image":"","background-repeat":"repeat","background-position":"center center","background-size":"auto","background-attachment":"scroll","background-type":"","background-media":"","overlay-type":"","overlay-color":"","overlay-opacity":"","overlay-gradient":""}},"footnotes":""},"class_list":["post-1331","page","type-page","status-publish","hentry"],"_links":{"self":[{"href":"https:\/\/www.hsjamtland.se\/ski-lodge\/wp-json\/wp\/v2\/pages\/1331","targetHints":{"allow":["GET"]}}],"collection":[{"href":"https:\/\/www.hsjamtland.se\/ski-lodge\/wp-json\/wp\/v2\/pages"}],"about":[{"href":"https:\/\/www.hsjamtland.se\/ski-lodge\/wp-json\/wp\/v2\/types\/page"}],"author":[{"embeddable":true,"href":"https:\/\/www.hsjamtland.se\/ski-lodge\/wp-json\/wp\/v2\/users\/1"}],"replies":[{"embeddable":true,"href":"https:\/\/www.hsjamtland.se\/ski-lodge\/wp-json\/wp\/v2\/comments?post=1331"}],"version-history":[{"count":103,"href":"https:\/\/www.hsjamtland.se\/ski-lodge\/wp-json\/wp\/v2\/pages\/1331\/revisions"}],"predecessor-version":[{"id":1880,"href":"https:\/\/www.hsjamtland.se\/ski-lodge\/wp-json\/wp\/v2\/pages\/1331\/revisions\/1880"}],"wp:attachment":[{"href":"https:\/\/www.hsjamtland.se\/ski-lodge\/wp-json\/wp\/v2\/media?parent=1331"}],"curies":[{"name":"wp","href":"https:\/\/api.w.org\/{rel}","templated":true}]}}