{"id":1343,"date":"2022-09-28T16:12:08","date_gmt":"2022-09-28T14:12:08","guid":{"rendered":"https:\/\/www.hsjamtland.se\/ski-lodge\/?page_id=1343"},"modified":"2022-12-21T20:30:24","modified_gmt":"2022-12-21T19:30:24","slug":"omradet","status":"publish","type":"page","link":"https:\/\/www.hsjamtland.se\/ski-lodge\/en\/the-area\/","title":{"rendered":"The area"},"content":{"rendered":"<div data-elementor-type=\"wp-page\" data-elementor-id=\"1343\" class=\"elementor elementor-1343\">\n\t\t\t\t\t\t<section class=\"elementor-section elementor-top-section elementor-element elementor-element-cca5118 elementor-section-height-min-height elementor-section-boxed elementor-section-height-default elementor-section-items-middle\" data-id=\"cca5118\" data-element_type=\"section\" data-e-type=\"section\" data-settings=\"{&quot;background_background&quot;:&quot;classic&quot;}\">\n\t\t\t\t\t\t<div class=\"elementor-container elementor-column-gap-default\">\n\t\t\t\t\t<div class=\"elementor-column elementor-col-100 elementor-top-column elementor-element elementor-element-2c20898\" data-id=\"2c20898\" data-element_type=\"column\" data-e-type=\"column\">\n\t\t\t<div class=\"elementor-widget-wrap\">\n\t\t\t\t\t\t\t<\/div>\n\t\t<\/div>\n\t\t\t\t\t<\/div>\n\t\t<\/section>\n\t\t\t\t<section class=\"elementor-section elementor-top-section elementor-element elementor-element-e23170a elementor-section-boxed elementor-section-height-default elementor-section-height-default\" data-id=\"e23170a\" data-element_type=\"section\" data-e-type=\"section\">\n\t\t\t\t\t\t<div class=\"elementor-container elementor-column-gap-default\">\n\t\t\t\t\t<div class=\"elementor-column elementor-col-100 elementor-top-column elementor-element elementor-element-6593ddf\" data-id=\"6593ddf\" data-element_type=\"column\" data-e-type=\"column\">\n\t\t\t<div class=\"elementor-widget-wrap elementor-element-populated\">\n\t\t\t\t\t\t<div class=\"elementor-element elementor-element-19fe451 elementor-widget elementor-widget-spacer\" data-id=\"19fe451\" data-element_type=\"widget\" data-e-type=\"widget\" data-widget_type=\"spacer.default\">\n\t\t\t\t<div class=\"elementor-widget-container\">\n\t\t\t\t\t\t\t<div class=\"elementor-spacer\">\n\t\t\t<div class=\"elementor-spacer-inner\"><\/div>\n\t\t<\/div>\n\t\t\t\t\t\t<\/div>\n\t\t\t\t<\/div>\n\t\t\t\t\t<\/div>\n\t\t<\/div>\n\t\t\t\t\t<\/div>\n\t\t<\/section>\n\t\t\t\t<section class=\"elementor-section elementor-top-section elementor-element elementor-element-ac26118 elementor-section-boxed elementor-section-height-default elementor-section-height-default\" data-id=\"ac26118\" data-element_type=\"section\" data-e-type=\"section\">\n\t\t\t\t\t\t<div class=\"elementor-container elementor-column-gap-default\">\n\t\t\t\t\t<div class=\"elementor-column elementor-col-100 elementor-top-column elementor-element elementor-element-339c8b1\" data-id=\"339c8b1\" data-element_type=\"column\" data-e-type=\"column\">\n\t\t\t<div class=\"elementor-widget-wrap elementor-element-populated\">\n\t\t\t\t\t\t<div class=\"elementor-element elementor-element-cfa4dcb elementor-widget elementor-widget-text-editor\" data-id=\"cfa4dcb\" data-element_type=\"widget\" data-e-type=\"widget\" data-widget_type=\"text-editor.default\">\n\t\t\t\t<div class=\"elementor-widget-container\">\n\t\t\t\t\t\t\t\t\t<h1>The area<\/h1><p>Storhogna is a beatiful mountain village that is appreciated by many for its calmness and closeness to beautiful skiing possibilities. Still, there are restaurants and activities in the village. Storhogna has it\u2019s own ski shop where you can rent ski equipment, and also their own ski school for both down hill and cross-country skiing.<\/p><p>\u00a0<\/p><p>Storhogna is situated about 15 minutes from Vemdalsskalet and is part of the Vemdalen ski area with Kl\u00f6vsj\u00f6\/Storhogna, Vemdalsskapet and  Bj\u00f6rnrike. All these areas can be reached within 30 minutes from the ski lodge and is part of the same ski pass.<\/p><p>\u00a0<\/p><p>Next to the slopes in Storhogna, the Storhogna hotel is situated. Here you will find a bar and restaurant in a beautiful winter garden setting, a pizza and deli as well as a re-known spa. In the activity house Storhogna M there are activities such as bowling, billiards, a gym, apr\u00e8s-ski and a restaurant.<\/p><p>\u00a0<\/p><p>The Vemdalen area has a lot of other winter activities to offer than just skiing. Snow mobile tours, dog sledding tours, horseback riding, fishing in the mountain lakes and top bird hunting are just some. We will be more than happy to help you find nice activities!<\/p><p>\u00a0<\/p><h3>Summer and autumn in Storhogna<\/h3><p>In the summer and autumn there are beautiful hike tracks to enjoy in the mountains around Storhogna. There are also nice possibilities to fish, bike, hunt, pick berries and swim in the mountain lakes. We will be more than happy to guide you!<\/p>\t\t\t\t\t\t\t\t<\/div>\n\t\t\t\t<\/div>\n\t\t\t\t\t<\/div>\n\t\t<\/div>\n\t\t\t\t\t<\/div>\n\t\t<\/section>\n\t\t\t\t<section class=\"elementor-section elementor-top-section elementor-element elementor-element-1aed037 elementor-section-boxed elementor-section-height-default elementor-section-height-default\" data-id=\"1aed037\" data-element_type=\"section\" data-e-type=\"section\">\n\t\t\t\t\t\t<div class=\"elementor-container elementor-column-gap-default\">\n\t\t\t\t\t<div class=\"elementor-column elementor-col-100 elementor-top-column elementor-element elementor-element-4814f69\" data-id=\"4814f69\" data-element_type=\"column\" data-e-type=\"column\">\n\t\t\t<div class=\"elementor-widget-wrap elementor-element-populated\">\n\t\t\t\t\t\t<div class=\"elementor-element elementor-element-830379e elementor-widget elementor-widget-spacer\" data-id=\"830379e\" data-element_type=\"widget\" data-e-type=\"widget\" data-widget_type=\"spacer.default\">\n\t\t\t\t<div class=\"elementor-widget-container\">\n\t\t\t\t\t\t\t<div class=\"elementor-spacer\">\n\t\t\t<div class=\"elementor-spacer-inner\"><\/div>\n\t\t<\/div>\n\t\t\t\t\t\t<\/div>\n\t\t\t\t<\/div>\n\t\t\t\t\t<\/div>\n\t\t<\/div>\n\t\t\t\t\t<\/div>\n\t\t<\/section>\n\t\t\t\t<section class=\"elementor-section elementor-top-section elementor-element elementor-element-76d5561 elementor-section-boxed elementor-section-height-default elementor-section-height-default\" data-id=\"76d5561\" data-element_type=\"section\" data-e-type=\"section\">\n\t\t\t\t\t\t<div class=\"elementor-container elementor-column-gap-default\">\n\t\t\t\t\t<div class=\"elementor-column elementor-col-100 elementor-top-column elementor-element elementor-element-6a55fd3\" data-id=\"6a55fd3\" data-element_type=\"column\" data-e-type=\"column\">\n\t\t\t<div class=\"elementor-widget-wrap\">\n\t\t\t\t\t\t\t<\/div>\n\t\t<\/div>\n\t\t\t\t\t<\/div>\n\t\t<\/section>\n\t\t\t\t<section class=\"elementor-section elementor-top-section elementor-element elementor-element-835338b elementor-section-boxed elementor-section-height-default elementor-section-height-default\" data-id=\"835338b\" data-element_type=\"section\" data-e-type=\"section\">\n\t\t\t\t\t\t<div class=\"elementor-container elementor-column-gap-default\">\n\t\t\t\t\t<div class=\"elementor-column elementor-col-100 elementor-top-column elementor-element elementor-element-4593b0e\" data-id=\"4593b0e\" data-element_type=\"column\" data-e-type=\"column\">\n\t\t\t<div class=\"elementor-widget-wrap elementor-element-populated\">\n\t\t\t\t\t\t<div class=\"elementor-element elementor-element-dcb4456 elementor-arrows-position-outside elementor-pagination-position-outside elementor-widget elementor-widget-image-carousel\" data-id=\"dcb4456\" data-element_type=\"widget\" data-e-type=\"widget\" data-settings=\"{&quot;navigation&quot;:&quot;both&quot;,&quot;autoplay&quot;:&quot;yes&quot;,&quot;pause_on_hover&quot;:&quot;yes&quot;,&quot;pause_on_interaction&quot;:&quot;yes&quot;,&quot;autoplay_speed&quot;:5000,&quot;infinite&quot;:&quot;yes&quot;,&quot;speed&quot;:500}\" data-widget_type=\"image-carousel.default\">\n\t\t\t\t<div class=\"elementor-widget-container\">\n\t\t\t\t\t\t\t<div class=\"elementor-image-carousel-wrapper swiper\" role=\"region\" aria-roledescription=\"carousel\" aria-label=\"Bild Karussell\" dir=\"ltr\" data-no-translation-aria-label=\"\">\n\t\t\t<div class=\"elementor-image-carousel swiper-wrapper\" aria-live=\"off\">\n\t\t\t\t\t\t\t\t<div class=\"swiper-slide\" role=\"group\" aria-roledescription=\"slide\" aria-label=\"1 von 5\" data-no-translation-aria-label=\"\"><a data-elementor-open-lightbox=\"yes\" data-elementor-lightbox-slideshow=\"dcb4456\" data-elementor-lightbox-title=\"Omr\u00e5det.\" data-e-action-hash=\"#elementor-action%3Aaction%3Dlightbox%26settings%3DeyJpZCI6MTM0OSwidXJsIjoiaHR0cHM6XC9cL3d3dy5oc2phbXRsYW5kLnNlXC9za2ktbG9kZ2VcL3dwLWNvbnRlbnRcL3VwbG9hZHNcL3NpdGVzXC8zXC8yMDIyXC8wOVwvR2FsbGVyaS1JTUdfMTU3NC1zY2FsZWQuanBlZyIsInNsaWRlc2hvdyI6ImRjYjQ0NTYifQ%3D%3D\" href=\"https:\/\/www.hsjamtland.se\/ski-lodge\/wp-content\/uploads\/sites\/3\/2022\/09\/Galleri-IMG_1574-scaled.jpeg\"><figure class=\"swiper-slide-inner\"><img decoding=\"async\" class=\"swiper-slide-image\" src=\"https:\/\/www.hsjamtland.se\/ski-lodge\/wp-content\/uploads\/sites\/3\/2022\/09\/Galleri-IMG_1574-300x225.jpeg\" alt=\"Omr\u00e5det.\" \/><\/figure><\/a><\/div><div class=\"swiper-slide\" role=\"group\" aria-roledescription=\"slide\" aria-label=\"2 von 5\" data-no-translation-aria-label=\"\"><a data-elementor-open-lightbox=\"yes\" data-elementor-lightbox-slideshow=\"dcb4456\" data-elementor-lightbox-title=\"Omr\u00e5det.\" data-e-action-hash=\"#elementor-action%3Aaction%3Dlightbox%26settings%3DeyJpZCI6MTM2NiwidXJsIjoiaHR0cHM6XC9cL3d3dy5oc2phbXRsYW5kLnNlXC9za2ktbG9kZ2VcL3dwLWNvbnRlbnRcL3VwbG9hZHNcL3NpdGVzXC8zXC8yMDIyXC8wOVwvR2FsbGVyaS1JTUdfNDMyOC1zY2FsZWQuanBlZyIsInNsaWRlc2hvdyI6ImRjYjQ0NTYifQ%3D%3D\" href=\"https:\/\/www.hsjamtland.se\/ski-lodge\/wp-content\/uploads\/sites\/3\/2022\/09\/Galleri-IMG_4328-scaled.jpeg\"><figure class=\"swiper-slide-inner\"><img decoding=\"async\" class=\"swiper-slide-image\" src=\"https:\/\/www.hsjamtland.se\/ski-lodge\/wp-content\/uploads\/sites\/3\/2022\/09\/Galleri-IMG_4328-300x225.jpeg\" alt=\"Omr\u00e5det.\" \/><\/figure><\/a><\/div><div class=\"swiper-slide\" role=\"group\" aria-roledescription=\"slide\" aria-label=\"3 von 5\" data-no-translation-aria-label=\"\"><a data-elementor-open-lightbox=\"yes\" data-elementor-lightbox-slideshow=\"dcb4456\" data-elementor-lightbox-title=\"Omr\u00e5det.\" data-e-action-hash=\"#elementor-action%3Aaction%3Dlightbox%26settings%3DeyJpZCI6MTM1OSwidXJsIjoiaHR0cHM6XC9cL3d3dy5oc2phbXRsYW5kLnNlXC9za2ktbG9kZ2VcL3dwLWNvbnRlbnRcL3VwbG9hZHNcL3NpdGVzXC8zXC8yMDIyXC8wOVwvR2FsbGVyaS1JTUdfNDE2OC1zY2FsZWQuanBlZyIsInNsaWRlc2hvdyI6ImRjYjQ0NTYifQ%3D%3D\" href=\"https:\/\/www.hsjamtland.se\/ski-lodge\/wp-content\/uploads\/sites\/3\/2022\/09\/Galleri-IMG_4168-scaled.jpeg\"><figure class=\"swiper-slide-inner\"><img decoding=\"async\" class=\"swiper-slide-image\" src=\"https:\/\/www.hsjamtland.se\/ski-lodge\/wp-content\/uploads\/sites\/3\/2022\/09\/Galleri-IMG_4168-300x225.jpeg\" alt=\"Omr\u00e5det.\" \/><\/figure><\/a><\/div><div class=\"swiper-slide\" role=\"group\" aria-roledescription=\"slide\" aria-label=\"4 von 5\" data-no-translation-aria-label=\"\"><a data-elementor-open-lightbox=\"yes\" data-elementor-lightbox-slideshow=\"dcb4456\" data-elementor-lightbox-title=\"Omr\u00e5det.\" data-e-action-hash=\"#elementor-action%3Aaction%3Dlightbox%26settings%3DeyJpZCI6MTgyOSwidXJsIjoiaHR0cHM6XC9cL3d3dy5oc2phbXRsYW5kLnNlXC9za2ktbG9kZ2VcL3dwLWNvbnRlbnRcL3VwbG9hZHNcL3NpdGVzXC8zXC8yMDIyXC8xMFwvT21yYVx1MDMwYWRldC1JTUdfMDM3My1zY2FsZWQuanBlZyIsInNsaWRlc2hvdyI6ImRjYjQ0NTYifQ%3D%3D\" href=\"https:\/\/www.hsjamtland.se\/ski-lodge\/wp-content\/uploads\/sites\/3\/2022\/10\/Omra\u030adet-IMG_0373-scaled.jpeg\"><figure class=\"swiper-slide-inner\"><img decoding=\"async\" class=\"swiper-slide-image\" src=\"https:\/\/www.hsjamtland.se\/ski-lodge\/wp-content\/uploads\/sites\/3\/2022\/10\/Omra\u030adet-IMG_0373-225x300.jpeg\" alt=\"Omr\u00e5det.\" \/><\/figure><\/a><\/div><div class=\"swiper-slide\" role=\"group\" aria-roledescription=\"slide\" aria-label=\"5 von 5\" data-no-translation-aria-label=\"\"><a data-elementor-open-lightbox=\"yes\" data-elementor-lightbox-slideshow=\"dcb4456\" data-elementor-lightbox-title=\"Omr\u00e5det.\" data-e-action-hash=\"#elementor-action%3Aaction%3Dlightbox%26settings%3DeyJpZCI6MTgyNiwidXJsIjoiaHR0cHM6XC9cL3d3dy5oc2phbXRsYW5kLnNlXC9za2ktbG9kZ2VcL3dwLWNvbnRlbnRcL3VwbG9hZHNcL3NpdGVzXC8zXC8yMDIyXC8xMFwvR2FsbGVyaS1PbXJhXHUwMzBhZGV0LUlNR180MzUxLXNjYWxlZC5qcGVnIiwic2xpZGVzaG93IjoiZGNiNDQ1NiJ9\" href=\"https:\/\/www.hsjamtland.se\/ski-lodge\/wp-content\/uploads\/sites\/3\/2022\/10\/Galleri-Omra\u030adet-IMG_4351-scaled.jpeg\"><figure class=\"swiper-slide-inner\"><img decoding=\"async\" class=\"swiper-slide-image\" src=\"https:\/\/www.hsjamtland.se\/ski-lodge\/wp-content\/uploads\/sites\/3\/2022\/10\/Galleri-Omra\u030adet-IMG_4351-300x225.jpeg\" alt=\"Omr\u00e5det.\" \/><\/figure><\/a><\/div>\t\t\t<\/div>\n\t\t\t\t\t\t\t\t\t\t\t\t<div class=\"elementor-swiper-button elementor-swiper-button-prev\" role=\"button\" tabindex=\"0\">\n\t\t\t\t\t\t<i aria-hidden=\"true\" class=\"eicon-chevron-left\"><\/i>\t\t\t\t\t<\/div>\n\t\t\t\t\t<div class=\"elementor-swiper-button elementor-swiper-button-next\" role=\"button\" tabindex=\"0\">\n\t\t\t\t\t\t<i aria-hidden=\"true\" class=\"eicon-chevron-right\"><\/i>\t\t\t\t\t<\/div>\n\t\t\t\t\n\t\t\t\t\t\t\t\t\t<div class=\"swiper-pagination\"><\/div>\n\t\t\t\t\t\t\t\t\t<\/div>\n\t\t\t\t\t\t<\/div>\n\t\t\t\t<\/div>\n\t\t\t\t\t<\/div>\n\t\t<\/div>\n\t\t\t\t\t<\/div>\n\t\t<\/section>\n\t\t\t\t<\/div>","protected":false},"excerpt":{"rendered":"<p>Omr\u00e5det Storhogna \u00e4r en vacker fj\u00e4llort som av m\u00e5nga uppskattas f\u00f6r sitt genuina lugn och n\u00e4rheten till vacker skid\u00e5kning i fj\u00e4llmilj\u00f6. Samtidigt finns h\u00e4r b\u00e5de restauranger och m\u00f6jligheter till flertalet aktiviteter. H\u00e4r finns s\u00e5v\u00e4l skiduthyrning som skidskola f\u00f6r b\u00e5de utf\u00f6rs- och l\u00e4ngdskid\u00e5kning. \u00a0 Storhogna ligger ca tio minuters bilf\u00e4rd fr\u00e5n Vemdalsskalet och ing\u00e5r i Vemdalens [&hellip;]<\/p>\n","protected":false},"author":1,"featured_media":0,"parent":0,"menu_order":0,"comment_status":"closed","ping_status":"closed","template":"","meta":{"_seopress_robots_primary_cat":"","_seopress_titles_title":"","_seopress_titles_desc":"","_seopress_robots_index":"","site-sidebar-layout":"no-sidebar","site-content-layout":"page-builder","ast-site-content-layout":"default","site-content-style":"default","site-sidebar-style":"default","ast-global-header-display":"","ast-banner-title-visibility":"","ast-main-header-display":"","ast-hfb-above-header-display":"","ast-hfb-below-header-display":"","ast-hfb-mobile-header-display":"","site-post-title":"disabled","ast-breadcrumbs-content":"","ast-featured-img":"disabled","footer-sml-layout":"","ast-disable-related-posts":"","theme-transparent-header-meta":"","adv-header-id-meta":"","stick-header-meta":"","header-above-stick-meta":"","header-main-stick-meta":"","header-below-stick-meta":"","astra-migrate-meta-layouts":"default","ast-page-background-enabled":"default","ast-page-background-meta":{"desktop":{"background-color":"var(--ast-global-color-4)","background-image":"","background-repeat":"repeat","background-position":"center center","background-size":"auto","background-attachment":"scroll","background-type":"","background-media":"","overlay-type":"","overlay-color":"","overlay-opacity":"","overlay-gradient":""},"tablet":{"background-color":"","background-image":"","background-repeat":"repeat","background-position":"center center","background-size":"auto","background-attachment":"scroll","background-type":"","background-media":"","overlay-type":"","overlay-color":"","overlay-opacity":"","overlay-gradient":""},"mobile":{"background-color":"","background-image":"","background-repeat":"repeat","background-position":"center center","background-size":"auto","background-attachment":"scroll","background-type":"","background-media":"","overlay-type":"","overlay-color":"","overlay-opacity":"","overlay-gradient":""}},"ast-content-background-meta":{"desktop":{"background-color":"var(--ast-global-color-5)","background-image":"","background-repeat":"repeat","background-position":"center center","background-size":"auto","background-attachment":"scroll","background-type":"","background-media":"","overlay-type":"","overlay-color":"","overlay-opacity":"","overlay-gradient":""},"tablet":{"background-color":"var(--ast-global-color-5)","background-image":"","background-repeat":"repeat","background-position":"center center","background-size":"auto","background-attachment":"scroll","background-type":"","background-media":"","overlay-type":"","overlay-color":"","overlay-opacity":"","overlay-gradient":""},"mobile":{"background-color":"var(--ast-global-color-5)","background-image":"","background-repeat":"repeat","background-position":"center center","background-size":"auto","background-attachment":"scroll","background-type":"","background-media":"","overlay-type":"","overlay-color":"","overlay-opacity":"","overlay-gradient":""}},"footnotes":""},"class_list":["post-1343","page","type-page","status-publish","hentry"],"_links":{"self":[{"href":"https:\/\/www.hsjamtland.se\/ski-lodge\/en\/wp-json\/wp\/v2\/pages\/1343","targetHints":{"allow":["GET"]}}],"collection":[{"href":"https:\/\/www.hsjamtland.se\/ski-lodge\/en\/wp-json\/wp\/v2\/pages"}],"about":[{"href":"https:\/\/www.hsjamtland.se\/ski-lodge\/en\/wp-json\/wp\/v2\/types\/page"}],"author":[{"embeddable":true,"href":"https:\/\/www.hsjamtland.se\/ski-lodge\/en\/wp-json\/wp\/v2\/users\/1"}],"replies":[{"embeddable":true,"href":"https:\/\/www.hsjamtland.se\/ski-lodge\/en\/wp-json\/wp\/v2\/comments?post=1343"}],"version-history":[{"count":25,"href":"https:\/\/www.hsjamtland.se\/ski-lodge\/en\/wp-json\/wp\/v2\/pages\/1343\/revisions"}],"predecessor-version":[{"id":2046,"href":"https:\/\/www.hsjamtland.se\/ski-lodge\/en\/wp-json\/wp\/v2\/pages\/1343\/revisions\/2046"}],"wp:attachment":[{"href":"https:\/\/www.hsjamtland.se\/ski-lodge\/en\/wp-json\/wp\/v2\/media?parent=1343"}],"curies":[{"name":"wp","href":"https:\/\/api.w.org\/{rel}","templated":true}]}}