{"id":1339,"date":"2022-09-28T16:11:40","date_gmt":"2022-09-28T14:11:40","guid":{"rendered":"https:\/\/www.hsjamtland.se\/ski-lodge\/?page_id=1339"},"modified":"2022-12-27T15:56:21","modified_gmt":"2022-12-27T14:56:21","slug":"pris-och-tillganglighet","status":"publish","type":"page","link":"https:\/\/www.hsjamtland.se\/ski-lodge\/en\/price-availability-and-booking\/","title":{"rendered":"Price, availability and booking"},"content":{"rendered":"<div data-elementor-type=\"wp-page\" data-elementor-id=\"1339\" class=\"elementor elementor-1339\">\n\t\t\t\t\t\t<section class=\"elementor-section elementor-top-section elementor-element elementor-element-83806a8 elementor-section-boxed elementor-section-height-default elementor-section-height-default\" data-id=\"83806a8\" data-element_type=\"section\" data-e-type=\"section\">\n\t\t\t\t\t\t<div class=\"elementor-container elementor-column-gap-default\">\n\t\t\t\t\t<div class=\"elementor-column elementor-col-100 elementor-top-column elementor-element elementor-element-41a32ec\" data-id=\"41a32ec\" data-element_type=\"column\" data-e-type=\"column\">\n\t\t\t<div class=\"elementor-widget-wrap elementor-element-populated\">\n\t\t\t\t\t\t<div class=\"elementor-element elementor-element-04a41e6 elementor-widget elementor-widget-spacer\" data-id=\"04a41e6\" data-element_type=\"widget\" data-e-type=\"widget\" data-widget_type=\"spacer.default\">\n\t\t\t\t<div class=\"elementor-widget-container\">\n\t\t\t\t\t\t\t<div class=\"elementor-spacer\">\n\t\t\t<div class=\"elementor-spacer-inner\"><\/div>\n\t\t<\/div>\n\t\t\t\t\t\t<\/div>\n\t\t\t\t<\/div>\n\t\t\t\t\t<\/div>\n\t\t<\/div>\n\t\t\t\t\t<\/div>\n\t\t<\/section>\n\t\t\t\t<section class=\"elementor-section elementor-top-section elementor-element elementor-element-582894e elementor-section-boxed elementor-section-height-default elementor-section-height-default\" data-id=\"582894e\" data-element_type=\"section\" data-e-type=\"section\">\n\t\t\t\t\t\t<div class=\"elementor-container elementor-column-gap-default\">\n\t\t\t\t\t<div class=\"elementor-column elementor-col-100 elementor-top-column elementor-element elementor-element-d77a1d9\" data-id=\"d77a1d9\" data-element_type=\"column\" data-e-type=\"column\">\n\t\t\t<div class=\"elementor-widget-wrap elementor-element-populated\">\n\t\t\t\t\t\t<div class=\"elementor-element elementor-element-c03588c elementor-widget elementor-widget-text-editor\" data-id=\"c03588c\" data-element_type=\"widget\" data-e-type=\"widget\" data-widget_type=\"text-editor.default\">\n\t\t\t\t<div class=\"elementor-widget-container\">\n\t\t\t\t\t\t\t\t\t<h1>Price, availability and booking<\/h1>\t\t\t\t\t\t\t\t<\/div>\n\t\t\t\t<\/div>\n\t\t\t\t<div class=\"elementor-element elementor-element-ffca136 elementor-widget elementor-widget-text-editor\" data-id=\"ffca136\" data-element_type=\"widget\" data-e-type=\"widget\" data-widget_type=\"text-editor.default\">\n\t\t\t\t<div class=\"elementor-widget-container\">\n\t\t\t\t\t\t\t\t\t<p>Our wish is that you will enjoy a carefree holiday. Therefore, the following is always included in your stay:<\/p><p>\u00a0<\/p><ul><li>Bed linen in all beds<\/li><li>Towels and bath towels<\/li><li>Final cleaning<\/li><\/ul><p><br><\/p><p>\u00a0<\/p><p><strong><span style=\"font-size: 16px; font-style: inherit; background-color: var(--ast-global-color-5); color: rgba(82, 104, 64, 0.75);\">Price per week: 42 000 SEK.<\/span><\/strong><\/p><p>\u00a0<\/p><p><strong>Terms and payment:<\/strong><\/p><p>By the time of booking, a booking fee of 30 % of the total payable amount should be paid. Information about the payment will be sent when booking. The rest of the amount should be paid at latest 30 days before arrival.<\/p><p>\u00a0<\/p><p><strong>Cancellation:<\/strong><\/p><p>Written cancellation must be sent to <a href=\"mailto:info@hsjamtland.se\">info@hsjamtland.se<\/a>. We will confirm the cancellation in writing.<br \/>When cancellation is done 30 days or less before arrival, the booking fee of 30 % will be forfeited in its entirety. Cancellations made 15 days or less before arrival means 100% of the total payable amount must be paid.\n<br><br>\n<b>Booking of other dates:<\/b><br>\nThe dates marked as available in the calendar can be booked. For other dates, please send a booking request to info@hsjamtland.se.<\/p>\t\t\t\t\t\t\t\t<\/div>\n\t\t\t\t<\/div>\n\t\t\t\t<div class=\"elementor-element elementor-element-e5c0ab5 elementor-widget-divider--view-line elementor-widget elementor-widget-divider\" data-id=\"e5c0ab5\" data-element_type=\"widget\" data-e-type=\"widget\" data-widget_type=\"divider.default\">\n\t\t\t\t<div class=\"elementor-widget-container\">\n\t\t\t\t\t\t\t<div class=\"elementor-divider\">\n\t\t\t<span class=\"elementor-divider-separator\">\n\t\t\t\t\t\t<\/span>\n\t\t<\/div>\n\t\t\t\t\t\t<\/div>\n\t\t\t\t<\/div>\n\t\t\t\t<div class=\"elementor-element elementor-element-fff78a9 elementor-widget elementor-widget-html\" data-id=\"fff78a9\" data-element_type=\"widget\" data-e-type=\"widget\" data-widget_type=\"html.default\">\n\t\t\t\t<div class=\"elementor-widget-container\">\n\t\t\t\t\t<iframe src=\"https:\/\/boka.se\/hsjamtlandstuga\/boka\/boka--(grh8gajt)\" width=\"1100\" height=\"1200\" frameborder=\"0\" scrolling=\"auto\"><\/iframe>\t\t\t\t<\/div>\n\t\t\t\t<\/div>\n\t\t\t\t\t<\/div>\n\t\t<\/div>\n\t\t\t\t\t<\/div>\n\t\t<\/section>\n\t\t\t\t<\/div>","protected":false},"excerpt":{"rendered":"<p>Pris, tillg\u00e4nglighet och boka Vi vill att ni ska f\u00e5 en s\u00e5 avkopplande semester som m\u00f6jligt. D\u00e4rf\u00f6r ing\u00e5r alltid f\u00f6ljande i er vistelse: \u00a0 S\u00e4ngkl\u00e4der i alla rum Handdukar och badlakan Slutst\u00e4d Vi hj\u00e4lper dessutom g\u00e4rna till att boka skidskola, skiduthyrning, hundspann, skotersafari, privat kock mm utifr\u00e5n era \u00f6nskem\u00e5l. \u00a0 Pris per vecka: 42 000 [&hellip;]<\/p>\n","protected":false},"author":1,"featured_media":0,"parent":0,"menu_order":0,"comment_status":"closed","ping_status":"closed","template":"","meta":{"_seopress_robots_primary_cat":"","_seopress_titles_title":"","_seopress_titles_desc":"","_seopress_robots_index":"","site-sidebar-layout":"no-sidebar","site-content-layout":"page-builder","ast-site-content-layout":"default","site-content-style":"default","site-sidebar-style":"default","ast-global-header-display":"","ast-banner-title-visibility":"","ast-main-header-display":"","ast-hfb-above-header-display":"","ast-hfb-below-header-display":"","ast-hfb-mobile-header-display":"","site-post-title":"disabled","ast-breadcrumbs-content":"","ast-featured-img":"disabled","footer-sml-layout":"","ast-disable-related-posts":"","theme-transparent-header-meta":"","adv-header-id-meta":"","stick-header-meta":"","header-above-stick-meta":"","header-main-stick-meta":"","header-below-stick-meta":"","astra-migrate-meta-layouts":"default","ast-page-background-enabled":"default","ast-page-background-meta":{"desktop":{"background-color":"var(--ast-global-color-4)","background-image":"","background-repeat":"repeat","background-position":"center center","background-size":"auto","background-attachment":"scroll","background-type":"","background-media":"","overlay-type":"","overlay-color":"","overlay-opacity":"","overlay-gradient":""},"tablet":{"background-color":"","background-image":"","background-repeat":"repeat","background-position":"center center","background-size":"auto","background-attachment":"scroll","background-type":"","background-media":"","overlay-type":"","overlay-color":"","overlay-opacity":"","overlay-gradient":""},"mobile":{"background-color":"","background-image":"","background-repeat":"repeat","background-position":"center center","background-size":"auto","background-attachment":"scroll","background-type":"","background-media":"","overlay-type":"","overlay-color":"","overlay-opacity":"","overlay-gradient":""}},"ast-content-background-meta":{"desktop":{"background-color":"var(--ast-global-color-5)","background-image":"","background-repeat":"repeat","background-position":"center center","background-size":"auto","background-attachment":"scroll","background-type":"","background-media":"","overlay-type":"","overlay-color":"","overlay-opacity":"","overlay-gradient":""},"tablet":{"background-color":"var(--ast-global-color-5)","background-image":"","background-repeat":"repeat","background-position":"center center","background-size":"auto","background-attachment":"scroll","background-type":"","background-media":"","overlay-type":"","overlay-color":"","overlay-opacity":"","overlay-gradient":""},"mobile":{"background-color":"var(--ast-global-color-5)","background-image":"","background-repeat":"repeat","background-position":"center center","background-size":"auto","background-attachment":"scroll","background-type":"","background-media":"","overlay-type":"","overlay-color":"","overlay-opacity":"","overlay-gradient":""}},"footnotes":""},"class_list":["post-1339","page","type-page","status-publish","hentry"],"_links":{"self":[{"href":"https:\/\/www.hsjamtland.se\/ski-lodge\/en\/wp-json\/wp\/v2\/pages\/1339","targetHints":{"allow":["GET"]}}],"collection":[{"href":"https:\/\/www.hsjamtland.se\/ski-lodge\/en\/wp-json\/wp\/v2\/pages"}],"about":[{"href":"https:\/\/www.hsjamtland.se\/ski-lodge\/en\/wp-json\/wp\/v2\/types\/page"}],"author":[{"embeddable":true,"href":"https:\/\/www.hsjamtland.se\/ski-lodge\/en\/wp-json\/wp\/v2\/users\/1"}],"replies":[{"embeddable":true,"href":"https:\/\/www.hsjamtland.se\/ski-lodge\/en\/wp-json\/wp\/v2\/comments?post=1339"}],"version-history":[{"count":102,"href":"https:\/\/www.hsjamtland.se\/ski-lodge\/en\/wp-json\/wp\/v2\/pages\/1339\/revisions"}],"predecessor-version":[{"id":2051,"href":"https:\/\/www.hsjamtland.se\/ski-lodge\/en\/wp-json\/wp\/v2\/pages\/1339\/revisions\/2051"}],"wp:attachment":[{"href":"https:\/\/www.hsjamtland.se\/ski-lodge\/en\/wp-json\/wp\/v2\/media?parent=1339"}],"curies":[{"name":"wp","href":"https:\/\/api.w.org\/{rel}","templated":true}]}}