{"id":1777,"date":"2022-10-19T13:59:47","date_gmt":"2022-10-19T11:59:47","guid":{"rendered":"https:\/\/www.hsjamtland.se\/ski-lodge\/?page_id=1777"},"modified":"2022-10-19T14:39:50","modified_gmt":"2022-10-19T12:39:50","slug":"kontakt","status":"publish","type":"page","link":"https:\/\/www.hsjamtland.se\/ski-lodge\/de\/kontakt\/","title":{"rendered":"Kontakt"},"content":{"rendered":"<div data-elementor-type=\"wp-page\" data-elementor-id=\"1777\" class=\"elementor elementor-1777\">\n\t\t\t\t\t\t<section class=\"elementor-section elementor-top-section elementor-element elementor-element-e061d90 elementor-section-boxed elementor-section-height-default elementor-section-height-default\" data-id=\"e061d90\" data-element_type=\"section\" data-e-type=\"section\">\n\t\t\t\t\t\t<div class=\"elementor-container elementor-column-gap-default\">\n\t\t\t\t\t<div class=\"elementor-column elementor-col-100 elementor-top-column elementor-element elementor-element-cc1beb3\" data-id=\"cc1beb3\" data-element_type=\"column\" data-e-type=\"column\">\n\t\t\t<div class=\"elementor-widget-wrap elementor-element-populated\">\n\t\t\t\t\t\t<div class=\"elementor-element elementor-element-fedb179 elementor-widget elementor-widget-spacer\" data-id=\"fedb179\" data-element_type=\"widget\" data-e-type=\"widget\" data-widget_type=\"spacer.default\">\n\t\t\t\t<div class=\"elementor-widget-container\">\n\t\t\t\t\t\t\t<div class=\"elementor-spacer\">\n\t\t\t<div class=\"elementor-spacer-inner\"><\/div>\n\t\t<\/div>\n\t\t\t\t\t\t<\/div>\n\t\t\t\t<\/div>\n\t\t\t\t\t<\/div>\n\t\t<\/div>\n\t\t\t\t\t<\/div>\n\t\t<\/section>\n\t\t\t\t<section class=\"elementor-section elementor-top-section elementor-element elementor-element-525e141 elementor-section-boxed elementor-section-height-default elementor-section-height-default\" data-id=\"525e141\" data-element_type=\"section\" data-e-type=\"section\">\n\t\t\t\t\t\t<div class=\"elementor-container elementor-column-gap-default\">\n\t\t\t\t\t<div class=\"elementor-column elementor-col-100 elementor-top-column elementor-element elementor-element-d9e591a\" data-id=\"d9e591a\" data-element_type=\"column\" data-e-type=\"column\">\n\t\t\t<div class=\"elementor-widget-wrap elementor-element-populated\">\n\t\t\t\t\t\t<div class=\"elementor-element elementor-element-3a4975d elementor-widget elementor-widget-text-editor\" data-id=\"3a4975d\" data-element_type=\"widget\" data-e-type=\"widget\" data-widget_type=\"text-editor.default\">\n\t\t\t\t<div class=\"elementor-widget-container\">\n\t\t\t\t\t\t\t\t\t<h1>Kontakt<\/h1><p>\u00a0<\/p><p>Wir freuen uns, dass Sie sich f\u00fcr Storhogna Ski Lodge interessieren! Wir sind eine Familie mit Wurzeln im Norden, die das Haus seit der Fertigstellung im Jahr 2012 besitzen. Mikael wuchs 4 Meilen von Storhogna entfernt auf und hat unz\u00e4hlige Winter in der Gegend von Vemdalen verbracht. Heidi kommt aus V\u00e4sterbotten und hat Storhogna und Vemdalsfj\u00e4llen lieben gelernt. Gemeinsam mit unseren Kindern sind wir so viel wie m\u00f6glich in den Bergen. Wir freuen uns nun darauf, die Storhogna Ski Lodge mit Ihnen zu teilen und m\u00f6chten einen wirklich sch\u00f6nen Bergaufenthalt nach Ihren W\u00fcnschen gestalten. Z\u00f6gern Sie nicht, uns bei Fragen zur Unterkunft oder zur Gegend und allem, was sie zu bieten hat, zu kontaktieren. Nach Abschluss der Buchung werden wir uns mit Ihnen in Verbindung setzen, um gemeinsam Ihren Aufenthalt zu gestalten!<\/p><p>\u00a0<\/p><p>Bei Fragen wenden Sie sich bitte an Heidi S\u00f6derstr\u00f6m Laag:<\/p><p>\u00a0<\/p><p><a href=\"mailto:info@hsjamtland.se\">info@hsjamtland.se<\/a><\/p><p>Tel. +46 70 9294155<\/p><p>\u00a0<\/p><h1 style=\"font-style: normal;\"><img fetchpriority=\"high\" decoding=\"async\" class=\"alignnone size-medium wp-image-1680\" src=\"https:\/\/www.hsjamtland.se\/ski-lodge\/wp-content\/uploads\/sites\/3\/2022\/10\/Kontakt-IMG_5201-225x300.jpeg\" alt=\"\" width=\"225\" height=\"300\" srcset=\"https:\/\/www.hsjamtland.se\/ski-lodge\/wp-content\/uploads\/sites\/3\/2022\/10\/Kontakt-IMG_5201-225x300.jpeg 225w, https:\/\/www.hsjamtland.se\/ski-lodge\/wp-content\/uploads\/sites\/3\/2022\/10\/Kontakt-IMG_5201-768x1024.jpeg 768w, https:\/\/www.hsjamtland.se\/ski-lodge\/wp-content\/uploads\/sites\/3\/2022\/10\/Kontakt-IMG_5201-1152x1536.jpeg 1152w, https:\/\/www.hsjamtland.se\/ski-lodge\/wp-content\/uploads\/sites\/3\/2022\/10\/Kontakt-IMG_5201-1536x2048.jpeg 1536w, https:\/\/www.hsjamtland.se\/ski-lodge\/wp-content\/uploads\/sites\/3\/2022\/10\/Kontakt-IMG_5201-scaled.jpeg 1920w\" sizes=\"(max-width: 225px) 100vw, 225px\" \/><\/h1>\t\t\t\t\t\t\t\t<\/div>\n\t\t\t\t<\/div>\n\t\t\t\t\t<\/div>\n\t\t<\/div>\n\t\t\t\t\t<\/div>\n\t\t<\/section>\n\t\t\t\t<\/div>","protected":false},"excerpt":{"rendered":"<p>Kontakt \u00a0 Vi \u00e4r glada att ni \u00e4r intresserade av Storhogna Ski Lodge! Vi \u00e4r en familj med r\u00f6tter i norr som har \u00e4gt huset sedan det f\u00e4rdigst\u00e4lldes 2012. Mikael \u00e4r uppvuxen 4 mil fr\u00e5n Storhogna och har spenderat otaliga vintrar i Vemdalenomr\u00e5det. Heidi \u00e4r v\u00e4sterbottningen som kommit att \u00e4lska Storhogna och Vemdalsfj\u00e4llen. Tillsammans med [&hellip;]<\/p>\n","protected":false},"author":1,"featured_media":0,"parent":0,"menu_order":0,"comment_status":"closed","ping_status":"closed","template":"","meta":{"_seopress_robots_primary_cat":"","_seopress_titles_title":"","_seopress_titles_desc":"","_seopress_robots_index":"","site-sidebar-layout":"no-sidebar","site-content-layout":"page-builder","ast-site-content-layout":"default","site-content-style":"default","site-sidebar-style":"default","ast-global-header-display":"","ast-banner-title-visibility":"","ast-main-header-display":"","ast-hfb-above-header-display":"","ast-hfb-below-header-display":"","ast-hfb-mobile-header-display":"","site-post-title":"disabled","ast-breadcrumbs-content":"","ast-featured-img":"disabled","footer-sml-layout":"","ast-disable-related-posts":"","theme-transparent-header-meta":"","adv-header-id-meta":"","stick-header-meta":"","header-above-stick-meta":"","header-main-stick-meta":"","header-below-stick-meta":"","astra-migrate-meta-layouts":"default","ast-page-background-enabled":"default","ast-page-background-meta":{"desktop":{"background-color":"var(--ast-global-color-4)","background-image":"","background-repeat":"repeat","background-position":"center center","background-size":"auto","background-attachment":"scroll","background-type":"","background-media":"","overlay-type":"","overlay-color":"","overlay-opacity":"","overlay-gradient":""},"tablet":{"background-color":"","background-image":"","background-repeat":"repeat","background-position":"center center","background-size":"auto","background-attachment":"scroll","background-type":"","background-media":"","overlay-type":"","overlay-color":"","overlay-opacity":"","overlay-gradient":""},"mobile":{"background-color":"","background-image":"","background-repeat":"repeat","background-position":"center center","background-size":"auto","background-attachment":"scroll","background-type":"","background-media":"","overlay-type":"","overlay-color":"","overlay-opacity":"","overlay-gradient":""}},"ast-content-background-meta":{"desktop":{"background-color":"var(--ast-global-color-5)","background-image":"","background-repeat":"repeat","background-position":"center center","background-size":"auto","background-attachment":"scroll","background-type":"","background-media":"","overlay-type":"","overlay-color":"","overlay-opacity":"","overlay-gradient":""},"tablet":{"background-color":"var(--ast-global-color-5)","background-image":"","background-repeat":"repeat","background-position":"center center","background-size":"auto","background-attachment":"scroll","background-type":"","background-media":"","overlay-type":"","overlay-color":"","overlay-opacity":"","overlay-gradient":""},"mobile":{"background-color":"var(--ast-global-color-5)","background-image":"","background-repeat":"repeat","background-position":"center center","background-size":"auto","background-attachment":"scroll","background-type":"","background-media":"","overlay-type":"","overlay-color":"","overlay-opacity":"","overlay-gradient":""}},"footnotes":""},"class_list":["post-1777","page","type-page","status-publish","hentry"],"_links":{"self":[{"href":"https:\/\/www.hsjamtland.se\/ski-lodge\/de\/wp-json\/wp\/v2\/pages\/1777","targetHints":{"allow":["GET"]}}],"collection":[{"href":"https:\/\/www.hsjamtland.se\/ski-lodge\/de\/wp-json\/wp\/v2\/pages"}],"about":[{"href":"https:\/\/www.hsjamtland.se\/ski-lodge\/de\/wp-json\/wp\/v2\/types\/page"}],"author":[{"embeddable":true,"href":"https:\/\/www.hsjamtland.se\/ski-lodge\/de\/wp-json\/wp\/v2\/users\/1"}],"replies":[{"embeddable":true,"href":"https:\/\/www.hsjamtland.se\/ski-lodge\/de\/wp-json\/wp\/v2\/comments?post=1777"}],"version-history":[{"count":10,"href":"https:\/\/www.hsjamtland.se\/ski-lodge\/de\/wp-json\/wp\/v2\/pages\/1777\/revisions"}],"predecessor-version":[{"id":1788,"href":"https:\/\/www.hsjamtland.se\/ski-lodge\/de\/wp-json\/wp\/v2\/pages\/1777\/revisions\/1788"}],"wp:attachment":[{"href":"https:\/\/www.hsjamtland.se\/ski-lodge\/de\/wp-json\/wp\/v2\/media?parent=1777"}],"curies":[{"name":"wp","href":"https:\/\/api.w.org\/{rel}","templated":true}]}}