{"id":30,"date":"2022-09-28T14:29:46","date_gmt":"2022-09-28T12:29:46","guid":{"rendered":"https:\/\/www.hsjamtland.se\/hunt\/?page_id=30"},"modified":"2022-11-11T13:02:35","modified_gmt":"2022-11-11T12:02:35","slug":"pris-och-tillganglighet","status":"publish","type":"page","link":"https:\/\/www.hsjamtland.se\/hunt\/pris-och-tillganglighet\/","title":{"rendered":"Pris, tillg\u00e4nglighet och boka"},"content":{"rendered":"\t\t<div data-elementor-type=\"wp-page\" data-elementor-id=\"30\" class=\"elementor elementor-30\">\n\t\t\t\t\t\t<section class=\"elementor-section elementor-top-section elementor-element elementor-element-49bb4ae elementor-section-boxed elementor-section-height-default elementor-section-height-default\" data-id=\"49bb4ae\" data-element_type=\"section\" data-e-type=\"section\">\n\t\t\t\t\t\t<div class=\"elementor-container elementor-column-gap-default\">\n\t\t\t\t\t<div class=\"elementor-column elementor-col-100 elementor-top-column elementor-element elementor-element-4611067\" data-id=\"4611067\" data-element_type=\"column\" data-e-type=\"column\">\n\t\t\t<div class=\"elementor-widget-wrap elementor-element-populated\">\n\t\t\t\t\t\t<div class=\"elementor-element elementor-element-9a1e316 elementor-widget elementor-widget-spacer\" data-id=\"9a1e316\" data-element_type=\"widget\" data-e-type=\"widget\" data-widget_type=\"spacer.default\">\n\t\t\t\t<div class=\"elementor-widget-container\">\n\t\t\t\t\t\t\t<div class=\"elementor-spacer\">\n\t\t\t<div class=\"elementor-spacer-inner\"><\/div>\n\t\t<\/div>\n\t\t\t\t\t\t<\/div>\n\t\t\t\t<\/div>\n\t\t\t\t\t<\/div>\n\t\t<\/div>\n\t\t\t\t\t<\/div>\n\t\t<\/section>\n\t\t\t\t<section class=\"elementor-section elementor-top-section elementor-element elementor-element-ca136a3 elementor-section-boxed elementor-section-height-default elementor-section-height-default\" data-id=\"ca136a3\" data-element_type=\"section\" data-e-type=\"section\">\n\t\t\t\t\t\t<div class=\"elementor-container elementor-column-gap-default\">\n\t\t\t\t\t<div class=\"elementor-column elementor-col-100 elementor-top-column elementor-element elementor-element-03609ca\" data-id=\"03609ca\" data-element_type=\"column\" data-e-type=\"column\">\n\t\t\t<div class=\"elementor-widget-wrap elementor-element-populated\">\n\t\t\t\t\t\t<div class=\"elementor-element elementor-element-672b674 elementor-widget elementor-widget-text-editor\" data-id=\"672b674\" data-element_type=\"widget\" data-e-type=\"widget\" data-widget_type=\"text-editor.default\">\n\t\t\t\t<div class=\"elementor-widget-container\">\n\t\t\t\t\t\t\t\t\t<h1>Pris, tillg\u00e4nglighet och boka<\/h1>\t\t\t\t\t\t\t\t<\/div>\n\t\t\t\t<\/div>\n\t\t\t\t<div class=\"elementor-element elementor-element-18070a5 elementor-widget elementor-widget-text-editor\" data-id=\"18070a5\" data-element_type=\"widget\" data-e-type=\"widget\" data-widget_type=\"text-editor.default\">\n\t\t\t\t<div class=\"elementor-widget-container\">\n\t\t\t\t\t\t\t\t\t<p><strong>Pris bj\u00f6rn- och \u00e4lgjakt:<\/strong><span style=\"font-size: 16px; font-style: inherit; font-weight: inherit; background-color: var(--ast-global-color-5); color: rgba(82, 104, 64, 0.75);\"> 99 000 kr inkl moms f\u00f6r max 5 personer.<\/span><\/p><p><strong>Pris f\u00f6r bj\u00f6rnjakt:<\/strong> 89 000 kr inkl moms f\u00f6r max 5 personer.<\/p><p>\u00a0<\/p><p>I priset ing\u00e5r:<br \/>Jakt tors, fredag och l\u00f6rdag.<br \/>Jaktledare samt \u00e5tminstone tv\u00e5 rutinerade hundar.<br \/>Boende onsdag-s\u00f6ndag.<br \/>Frukost, lunch och middag onsdag kv\u00e4ll till s\u00f6ndag morgon. Dryck.<br \/>Transport till och fr\u00e5n flyg eller t\u00e5g.<\/p><p>\u00a0<\/p><p><strong>Pris f\u00f6r toppf\u00e5geljakt:<\/strong> 89 000 kr inkl moms f\u00f6r max 5 personer.<\/p><p>\u00a0<\/p><p>I priset ing\u00e5r:<\/p><p>Jakt tors, fredag och l\u00f6rdag.<br \/>Jaktledare.<br \/>Boende onsdag-s\u00f6ndag.<br \/>Frukost, lunch och middag onsdag kv\u00e4ll till s\u00f6ndag morgon. Dryck.<br \/>Transport till och fr\u00e5n flyg eller t\u00e5g.<br \/>Utrustning i form av skidor (modell Tegsn\u00e4s, rottefellerbindning)<\/p><p>\u00a0<\/p><p><strong>Villkor och betalning:<\/strong><\/p><p>Vid bokningstillf\u00e4llet ska en bokningsavgift motsvarande 30 % av totalbeloppet betalas. Betalningsinformation erh\u00e5lls vid bokning. Resterande belopp ska betalas senast 30 dagar f\u00f6re ankomstdag.<\/p><p>\u00a0<\/p><p><strong>Avbokning:<\/strong><\/p><p>Skriftlig avbokning skickas till <a href=\"mailto:info@hsjamtland.se\">info@hsjamtland.se<\/a>. Vi bekr\u00e4ftar avbokningen skriftligt.<br \/>N\u00e4r avbokning g\u00f6rs 30 dagar eller mindre f\u00f6re ankomst beh\u00e5ller vi anm\u00e4lningsavgiften om 30 %. Avbokningar som g\u00f6rs 15 dagar eller mindre f\u00f6re ankomst inneb\u00e4r att 100 % av totalbeloppet m\u00e5ste betalas.<\/p><p>\u00a0<\/p><p><strong>Bokning<\/strong>:<\/p><p>De datum som \u00e4r utlagda finns tillg\u00e4ngliga. F\u00f6r \u00f6vriga l\u00e5nghelger, v\u00e4nligen skicka en f\u00f6rfr\u00e5gan per mail till adressen <a href=\"mailto:info@hsjamtland.se\">info@hsjamtland.se<\/a>.<\/p><p>\u00a0<\/p><p><strong>\u00d6vrigt:<\/strong><\/p><p>Om aktuell tilldelning \u00f6verskrids kommer jaktledaren att beh\u00f6va avbryta jakten. Det kommer d\u00e5 finns m\u00f6jlighet att jaga annat vilt.<\/p>\t\t\t\t\t\t\t\t<\/div>\n\t\t\t\t<\/div>\n\t\t\t\t<div class=\"elementor-element elementor-element-fe05292 elementor-widget-divider--view-line elementor-widget elementor-widget-divider\" data-id=\"fe05292\" data-element_type=\"widget\" data-e-type=\"widget\" data-widget_type=\"divider.default\">\n\t\t\t\t<div class=\"elementor-widget-container\">\n\t\t\t\t\t\t\t<div class=\"elementor-divider\">\n\t\t\t<span class=\"elementor-divider-separator\">\n\t\t\t\t\t\t<\/span>\n\t\t<\/div>\n\t\t\t\t\t\t<\/div>\n\t\t\t\t<\/div>\n\t\t\t\t<div class=\"elementor-element elementor-element-b94a49c elementor-widget elementor-widget-html\" data-id=\"b94a49c\" data-element_type=\"widget\" data-e-type=\"widget\" data-widget_type=\"html.default\">\n\t\t\t\t<div class=\"elementor-widget-container\">\n\t\t\t\t\t<iframe src=\"https:\/\/boka.se\/hsjamtlandstuga\/boka\/boka-jakt--(ffyrshu9)\" width=\"1100\" height=\"1200\" frameborder=\"0\" scrolling=\"auto\"><\/iframe>\t\t\t\t<\/div>\n\t\t\t\t<\/div>\n\t\t\t\t\t<\/div>\n\t\t<\/div>\n\t\t\t\t\t<\/div>\n\t\t<\/section>\n\t\t\t\t<\/div>\n\t\t","protected":false},"excerpt":{"rendered":"<p>Pris, tillg\u00e4nglighet och boka Pris bj\u00f6rn- och \u00e4lgjakt: 99 000 kr inkl moms f\u00f6r max 5 personer. Pris f\u00f6r bj\u00f6rnjakt: 89 000 kr inkl moms f\u00f6r max 5 personer. \u00a0 I priset ing\u00e5r:Jakt tors, fredag och l\u00f6rdag.Jaktledare samt \u00e5tminstone tv\u00e5 rutinerade hundar.Boende onsdag-s\u00f6ndag.Frukost, lunch och middag onsdag kv\u00e4ll till s\u00f6ndag morgon. Dryck.Transport till och fr\u00e5n [&hellip;]<\/p>\n","protected":false},"author":1,"featured_media":0,"parent":0,"menu_order":0,"comment_status":"closed","ping_status":"closed","template":"","meta":{"_seopress_robots_primary_cat":"","_seopress_titles_title":"","_seopress_titles_desc":"","_seopress_robots_index":"","site-sidebar-layout":"no-sidebar","site-content-layout":"page-builder","ast-site-content-layout":"default","site-content-style":"default","site-sidebar-style":"default","ast-global-header-display":"","ast-banner-title-visibility":"","ast-main-header-display":"","ast-hfb-above-header-display":"","ast-hfb-below-header-display":"","ast-hfb-mobile-header-display":"","site-post-title":"disabled","ast-breadcrumbs-content":"","ast-featured-img":"disabled","footer-sml-layout":"","ast-disable-related-posts":"","theme-transparent-header-meta":"","adv-header-id-meta":"","stick-header-meta":"","header-above-stick-meta":"","header-main-stick-meta":"","header-below-stick-meta":"","astra-migrate-meta-layouts":"default","ast-page-background-enabled":"default","ast-page-background-meta":{"desktop":{"background-color":"var(--ast-global-color-4)","background-image":"","background-repeat":"repeat","background-position":"center center","background-size":"auto","background-attachment":"scroll","background-type":"","background-media":"","overlay-type":"","overlay-color":"","overlay-opacity":"","overlay-gradient":""},"tablet":{"background-color":"","background-image":"","background-repeat":"repeat","background-position":"center center","background-size":"auto","background-attachment":"scroll","background-type":"","background-media":"","overlay-type":"","overlay-color":"","overlay-opacity":"","overlay-gradient":""},"mobile":{"background-color":"","background-image":"","background-repeat":"repeat","background-position":"center center","background-size":"auto","background-attachment":"scroll","background-type":"","background-media":"","overlay-type":"","overlay-color":"","overlay-opacity":"","overlay-gradient":""}},"ast-content-background-meta":{"desktop":{"background-color":"var(--ast-global-color-5)","background-image":"","background-repeat":"repeat","background-position":"center center","background-size":"auto","background-attachment":"scroll","background-type":"","background-media":"","overlay-type":"","overlay-color":"","overlay-opacity":"","overlay-gradient":""},"tablet":{"background-color":"var(--ast-global-color-5)","background-image":"","background-repeat":"repeat","background-position":"center center","background-size":"auto","background-attachment":"scroll","background-type":"","background-media":"","overlay-type":"","overlay-color":"","overlay-opacity":"","overlay-gradient":""},"mobile":{"background-color":"var(--ast-global-color-5)","background-image":"","background-repeat":"repeat","background-position":"center center","background-size":"auto","background-attachment":"scroll","background-type":"","background-media":"","overlay-type":"","overlay-color":"","overlay-opacity":"","overlay-gradient":""}},"footnotes":""},"class_list":["post-30","page","type-page","status-publish","hentry"],"_links":{"self":[{"href":"https:\/\/www.hsjamtland.se\/hunt\/wp-json\/wp\/v2\/pages\/30","targetHints":{"allow":["GET"]}}],"collection":[{"href":"https:\/\/www.hsjamtland.se\/hunt\/wp-json\/wp\/v2\/pages"}],"about":[{"href":"https:\/\/www.hsjamtland.se\/hunt\/wp-json\/wp\/v2\/types\/page"}],"author":[{"embeddable":true,"href":"https:\/\/www.hsjamtland.se\/hunt\/wp-json\/wp\/v2\/users\/1"}],"replies":[{"embeddable":true,"href":"https:\/\/www.hsjamtland.se\/hunt\/wp-json\/wp\/v2\/comments?post=30"}],"version-history":[{"count":48,"href":"https:\/\/www.hsjamtland.se\/hunt\/wp-json\/wp\/v2\/pages\/30\/revisions"}],"predecessor-version":[{"id":1713,"href":"https:\/\/www.hsjamtland.se\/hunt\/wp-json\/wp\/v2\/pages\/30\/revisions\/1713"}],"wp:attachment":[{"href":"https:\/\/www.hsjamtland.se\/hunt\/wp-json\/wp\/v2\/media?parent=30"}],"curies":[{"name":"wp","href":"https:\/\/api.w.org\/{rel}","templated":true}]}}