{"id":12,"date":"2022-09-28T14:14:39","date_gmt":"2022-09-28T12:14:39","guid":{"rendered":"https:\/\/www.hsjamtland.se\/hunt\/?page_id=12"},"modified":"2023-04-24T11:01:21","modified_gmt":"2023-04-24T09:01:21","slug":"alg-och-bjornjakt","status":"publish","type":"page","link":"https:\/\/www.hsjamtland.se\/hunt\/alg-och-bjornjakt\/","title":{"rendered":"\u00c4lg- och bj\u00f6rnjakt"},"content":{"rendered":"\t\t<div data-elementor-type=\"wp-page\" data-elementor-id=\"12\" class=\"elementor elementor-12\">\n\t\t\t\t\t\t<section class=\"elementor-section elementor-top-section elementor-element elementor-element-a3dcf4b elementor-section-height-min-height elementor-section-boxed elementor-section-height-default elementor-section-items-middle\" data-id=\"a3dcf4b\" data-element_type=\"section\" data-e-type=\"section\" data-settings=\"{&quot;background_background&quot;:&quot;classic&quot;}\">\n\t\t\t\t\t\t<div class=\"elementor-container elementor-column-gap-default\">\n\t\t\t\t\t<div class=\"elementor-column elementor-col-100 elementor-top-column elementor-element elementor-element-665b2b4\" data-id=\"665b2b4\" data-element_type=\"column\" data-e-type=\"column\">\n\t\t\t<div class=\"elementor-widget-wrap\">\n\t\t\t\t\t\t\t<\/div>\n\t\t<\/div>\n\t\t\t\t\t<\/div>\n\t\t<\/section>\n\t\t\t\t<section class=\"elementor-section elementor-top-section elementor-element elementor-element-59e852b elementor-section-boxed elementor-section-height-default elementor-section-height-default\" data-id=\"59e852b\" data-element_type=\"section\" data-e-type=\"section\">\n\t\t\t\t\t\t<div class=\"elementor-container elementor-column-gap-default\">\n\t\t\t\t\t<div class=\"elementor-column elementor-col-100 elementor-top-column elementor-element elementor-element-bba584f\" data-id=\"bba584f\" data-element_type=\"column\" data-e-type=\"column\">\n\t\t\t<div class=\"elementor-widget-wrap elementor-element-populated\">\n\t\t\t\t\t\t<div class=\"elementor-element elementor-element-3a4d544 elementor-widget elementor-widget-spacer\" data-id=\"3a4d544\" data-element_type=\"widget\" data-e-type=\"widget\" data-widget_type=\"spacer.default\">\n\t\t\t\t<div class=\"elementor-widget-container\">\n\t\t\t\t\t\t\t<div class=\"elementor-spacer\">\n\t\t\t<div class=\"elementor-spacer-inner\"><\/div>\n\t\t<\/div>\n\t\t\t\t\t\t<\/div>\n\t\t\t\t<\/div>\n\t\t\t\t\t<\/div>\n\t\t<\/div>\n\t\t\t\t\t<\/div>\n\t\t<\/section>\n\t\t\t\t<section class=\"elementor-section elementor-top-section elementor-element elementor-element-cc8f929 elementor-section-boxed elementor-section-height-default elementor-section-height-default\" data-id=\"cc8f929\" data-element_type=\"section\" data-e-type=\"section\">\n\t\t\t\t\t\t<div class=\"elementor-container elementor-column-gap-default\">\n\t\t\t\t\t<div class=\"elementor-column elementor-col-100 elementor-top-column elementor-element elementor-element-f8c5121\" data-id=\"f8c5121\" data-element_type=\"column\" data-e-type=\"column\">\n\t\t\t<div class=\"elementor-widget-wrap\">\n\t\t\t\t\t\t\t<\/div>\n\t\t<\/div>\n\t\t\t\t\t<\/div>\n\t\t<\/section>\n\t\t\t\t<section class=\"elementor-section elementor-top-section elementor-element elementor-element-c009bf7 elementor-section-boxed elementor-section-height-default elementor-section-height-default\" data-id=\"c009bf7\" data-element_type=\"section\" data-e-type=\"section\">\n\t\t\t\t\t\t<div class=\"elementor-container elementor-column-gap-default\">\n\t\t\t\t\t<div class=\"elementor-column elementor-col-100 elementor-top-column elementor-element elementor-element-7bb27eb\" data-id=\"7bb27eb\" data-element_type=\"column\" data-e-type=\"column\">\n\t\t\t<div class=\"elementor-widget-wrap elementor-element-populated\">\n\t\t\t\t\t\t<div class=\"elementor-element elementor-element-b5519c1 elementor-widget elementor-widget-text-editor\" data-id=\"b5519c1\" data-element_type=\"widget\" data-e-type=\"widget\" data-widget_type=\"text-editor.default\">\n\t\t\t\t<div class=\"elementor-widget-container\">\n\t\t\t\t\t\t\t\t\t<h1>\u00c4lg- och bj\u00f6rnjakt<\/h1><p>\u00a0<\/p><p>Vi erbjuder en exklusiv renodlad bj\u00f6rnjakt f\u00f6r premi\u00e4ren den 21 augusti samt en exklusiv kombinerad \u00e4lg och bj\u00f6rnjakt i premi\u00e4ren i b\u00f6rjan av september. Avseende \u00e4lg garanterar vi att det finns m\u00f6jlighet att skjuta minst ett vuxet djur och fri kalv. Ni kommer alltid ha tillg\u00e5ng till minst tv\u00e5 rutinerade hundar.<\/p><p>\u00a0<\/p><p><span style=\"text-decoration: underline;\">En dag p\u00e5 jaktmarkerna<\/span><\/p><p>\u00a0<\/p><p>Jaktdagen inleds tidigt p\u00e5 morgonen med gemensam frukost medan jaktledaren g\u00e5r igenom planerna f\u00f6r dagen. En extra panna kokkaffe kokas och delas ut i termosar till f\u00f6rmiddagens pass, tillsammans med sm\u00f6rg\u00e5sar och n\u00e5got gott.<\/p><p>\u00a0<\/p><p>Sedan v\u00e4ntar dagens f\u00f6rsta s\u00e5t enligt de planer som lagts upp med jaktledaren.<\/p><p>\u00a0<\/p><p>Vid lunch tar ni paus och samlas vid jaktstugan f\u00f6r gemensam lunch. N\u00e5got v\u00e4rmande och m\u00e4ttande som tillagas p\u00e5 Muurikkan st\u00e5r troligen p\u00e5 menyn.<\/p><p>\u00a0<\/p><p>Efter lunch v\u00e4ntar dagens andra s\u00e5t.<\/p><p>\u00a0<\/p><p>Tillsammans avrundar ni dagen med bastubad och en god middag baserad p\u00e5 lokala ingredienser som tillagas av er privata kock. Kanske avslutar ni sedan kv\u00e4llen i badtunnan under stj\u00e4rnhimmeln \u2013 en riktig hit!<\/p>\t\t\t\t\t\t\t\t<\/div>\n\t\t\t\t<\/div>\n\t\t\t\t<div class=\"elementor-element elementor-element-0aaddb0 elementor-widget elementor-widget-spacer\" data-id=\"0aaddb0\" data-element_type=\"widget\" data-e-type=\"widget\" data-widget_type=\"spacer.default\">\n\t\t\t\t<div class=\"elementor-widget-container\">\n\t\t\t\t\t\t\t<div class=\"elementor-spacer\">\n\t\t\t<div class=\"elementor-spacer-inner\"><\/div>\n\t\t<\/div>\n\t\t\t\t\t\t<\/div>\n\t\t\t\t<\/div>\n\t\t\t\t\t<\/div>\n\t\t<\/div>\n\t\t\t\t\t<\/div>\n\t\t<\/section>\n\t\t\t\t<section class=\"elementor-section elementor-top-section elementor-element elementor-element-3246fa6 elementor-section-boxed elementor-section-height-default elementor-section-height-default\" data-id=\"3246fa6\" data-element_type=\"section\" data-e-type=\"section\">\n\t\t\t\t\t\t<div class=\"elementor-container elementor-column-gap-default\">\n\t\t\t\t\t<div class=\"elementor-column elementor-col-100 elementor-top-column elementor-element elementor-element-afb9672\" data-id=\"afb9672\" data-element_type=\"column\" data-e-type=\"column\">\n\t\t\t<div class=\"elementor-widget-wrap elementor-element-populated\">\n\t\t\t\t\t\t<div class=\"elementor-element elementor-element-2e1de90 elementor-arrows-position-outside elementor-pagination-position-outside elementor-widget elementor-widget-image-carousel\" data-id=\"2e1de90\" data-element_type=\"widget\" data-e-type=\"widget\" data-settings=\"{&quot;navigation&quot;:&quot;both&quot;,&quot;autoplay&quot;:&quot;yes&quot;,&quot;pause_on_hover&quot;:&quot;yes&quot;,&quot;pause_on_interaction&quot;:&quot;yes&quot;,&quot;autoplay_speed&quot;:5000,&quot;infinite&quot;:&quot;yes&quot;,&quot;speed&quot;:500}\" data-widget_type=\"image-carousel.default\">\n\t\t\t\t<div class=\"elementor-widget-container\">\n\t\t\t\t\t\t\t<div class=\"elementor-image-carousel-wrapper swiper\" role=\"region\" aria-roledescription=\"carousel\" aria-label=\"Image Carousel\" dir=\"ltr\">\n\t\t\t<div class=\"elementor-image-carousel swiper-wrapper\" aria-live=\"off\">\n\t\t\t\t\t\t\t\t<div class=\"swiper-slide\" role=\"group\" aria-roledescription=\"slide\" aria-label=\"1 of 6\"><a data-elementor-open-lightbox=\"yes\" data-elementor-lightbox-slideshow=\"2e1de90\" data-elementor-lightbox-title=\"\u00c4lgjakt.\" data-e-action-hash=\"#elementor-action%3Aaction%3Dlightbox%26settings%3DeyJpZCI6MTQ3MCwidXJsIjoiaHR0cHM6XC9cL3d3dy5oc2phbXRsYW5kLnNlXC9odW50XC93cC1jb250ZW50XC91cGxvYWRzXC9zaXRlc1wvMlwvMjAyMlwvMTBcL0FcdTAzMDhsZ2pha3QtSU1HXzA3MjcuanBlZyIsInNsaWRlc2hvdyI6IjJlMWRlOTAifQ%3D%3D\" href=\"https:\/\/www.hsjamtland.se\/hunt\/wp-content\/uploads\/sites\/2\/2022\/10\/A\u0308lgjakt-IMG_0727.jpeg\"><figure class=\"swiper-slide-inner\"><img decoding=\"async\" class=\"swiper-slide-image\" src=\"https:\/\/www.hsjamtland.se\/hunt\/wp-content\/uploads\/sites\/2\/2022\/10\/A\u0308lgjakt-IMG_0727-300x225.jpeg\" alt=\"\u00c4lgjakt.\" \/><\/figure><\/a><\/div><div class=\"swiper-slide\" role=\"group\" aria-roledescription=\"slide\" aria-label=\"2 of 6\"><a data-elementor-open-lightbox=\"yes\" data-elementor-lightbox-slideshow=\"2e1de90\" data-elementor-lightbox-title=\"\u00c4lgjakt.\" data-e-action-hash=\"#elementor-action%3Aaction%3Dlightbox%26settings%3DeyJpZCI6MTMzNywidXJsIjoiaHR0cHM6XC9cL3d3dy5oc2phbXRsYW5kLnNlXC9odW50XC93cC1jb250ZW50XC91cGxvYWRzXC9zaXRlc1wvMlwvMjAyMlwvMDlcL0dhbGxlcmktSU1HXzE1NzAtc2NhbGVkLmpwZWciLCJzbGlkZXNob3ciOiIyZTFkZTkwIn0%3D\" href=\"https:\/\/www.hsjamtland.se\/hunt\/wp-content\/uploads\/sites\/2\/2022\/09\/Galleri-IMG_1570-scaled.jpeg\"><figure class=\"swiper-slide-inner\"><img decoding=\"async\" class=\"swiper-slide-image\" src=\"https:\/\/www.hsjamtland.se\/hunt\/wp-content\/uploads\/sites\/2\/2022\/09\/Galleri-IMG_1570-300x225.jpeg\" alt=\"\u00c4lgjakt.\" \/><\/figure><\/a><\/div><div class=\"swiper-slide\" role=\"group\" aria-roledescription=\"slide\" aria-label=\"3 of 6\"><a data-elementor-open-lightbox=\"yes\" data-elementor-lightbox-slideshow=\"2e1de90\" data-elementor-lightbox-title=\"\u00c4lgjakt.\" data-e-action-hash=\"#elementor-action%3Aaction%3Dlightbox%26settings%3DeyJpZCI6MTQ2MywidXJsIjoiaHR0cHM6XC9cL3d3dy5oc2phbXRsYW5kLnNlXC9odW50XC93cC1jb250ZW50XC91cGxvYWRzXC9zaXRlc1wvMlwvMjAyMlwvMTBcL0dhbGxlcmktSU1HXzA3MjEtc2NhbGVkLmpwZWciLCJzbGlkZXNob3ciOiIyZTFkZTkwIn0%3D\" href=\"https:\/\/www.hsjamtland.se\/hunt\/wp-content\/uploads\/sites\/2\/2022\/10\/Galleri-IMG_0721-scaled.jpeg\"><figure class=\"swiper-slide-inner\"><img decoding=\"async\" class=\"swiper-slide-image\" src=\"https:\/\/www.hsjamtland.se\/hunt\/wp-content\/uploads\/sites\/2\/2022\/10\/Galleri-IMG_0721-225x300.jpeg\" alt=\"\u00c4lgjakt.\" \/><\/figure><\/a><\/div><div class=\"swiper-slide\" role=\"group\" aria-roledescription=\"slide\" aria-label=\"4 of 6\"><a data-elementor-open-lightbox=\"yes\" data-elementor-lightbox-slideshow=\"2e1de90\" data-elementor-lightbox-title=\"Omr\u00e5det.\" data-e-action-hash=\"#elementor-action%3Aaction%3Dlightbox%26settings%3DeyJpZCI6MTM0NSwidXJsIjoiaHR0cHM6XC9cL3d3dy5oc2phbXRsYW5kLnNlXC9odW50XC93cC1jb250ZW50XC91cGxvYWRzXC9zaXRlc1wvMlwvMjAyMlwvMDlcL0dhbGxlcmktSU1HXzcyNTYtc2NhbGVkLmpwZWciLCJzbGlkZXNob3ciOiIyZTFkZTkwIn0%3D\" href=\"https:\/\/www.hsjamtland.se\/hunt\/wp-content\/uploads\/sites\/2\/2022\/09\/Galleri-IMG_7256-scaled.jpeg\"><figure class=\"swiper-slide-inner\"><img decoding=\"async\" class=\"swiper-slide-image\" src=\"https:\/\/www.hsjamtland.se\/hunt\/wp-content\/uploads\/sites\/2\/2022\/09\/Galleri-IMG_7256-225x300.jpeg\" alt=\"Omr\u00e5det.\" \/><\/figure><\/a><\/div><div class=\"swiper-slide\" role=\"group\" aria-roledescription=\"slide\" aria-label=\"5 of 6\"><a data-elementor-open-lightbox=\"yes\" data-elementor-lightbox-slideshow=\"2e1de90\" data-elementor-lightbox-title=\"\u00c4lgjakt.\" data-e-action-hash=\"#elementor-action%3Aaction%3Dlightbox%26settings%3DeyJpZCI6NDMsInVybCI6Imh0dHBzOlwvXC93d3cuaHNqYW10bGFuZC5zZVwvaHVudFwvd3AtY29udGVudFwvdXBsb2Fkc1wvc2l0ZXNcLzJcLzIwMjJcLzA5XC9HYWxsZXJpLUlNR18wMzQ4LmpwZWciLCJzbGlkZXNob3ciOiIyZTFkZTkwIn0%3D\" href=\"https:\/\/www.hsjamtland.se\/hunt\/wp-content\/uploads\/sites\/2\/2022\/09\/Galleri-IMG_0348.jpeg\"><figure class=\"swiper-slide-inner\"><img decoding=\"async\" class=\"swiper-slide-image\" src=\"https:\/\/www.hsjamtland.se\/hunt\/wp-content\/uploads\/sites\/2\/2022\/09\/Galleri-IMG_0348-225x300.jpeg\" alt=\"\u00c4lgjakt.\" \/><\/figure><\/a><\/div><div class=\"swiper-slide\" role=\"group\" aria-roledescription=\"slide\" aria-label=\"6 of 6\"><a data-elementor-open-lightbox=\"yes\" data-elementor-lightbox-slideshow=\"2e1de90\" data-elementor-lightbox-title=\"Jaktstugan.\" data-e-action-hash=\"#elementor-action%3Aaction%3Dlightbox%26settings%3DeyJpZCI6MTQ2NCwidXJsIjoiaHR0cHM6XC9cL3d3dy5oc2phbXRsYW5kLnNlXC9odW50XC93cC1jb250ZW50XC91cGxvYWRzXC9zaXRlc1wvMlwvMjAyMlwvMTBcL0dhbGxlcmktSU1HXzQ5OTktc2NhbGVkLmpwZWciLCJzbGlkZXNob3ciOiIyZTFkZTkwIn0%3D\" href=\"https:\/\/www.hsjamtland.se\/hunt\/wp-content\/uploads\/sites\/2\/2022\/10\/Galleri-IMG_4999-scaled.jpeg\"><figure class=\"swiper-slide-inner\"><img decoding=\"async\" class=\"swiper-slide-image\" src=\"https:\/\/www.hsjamtland.se\/hunt\/wp-content\/uploads\/sites\/2\/2022\/10\/Galleri-IMG_4999-300x225.jpeg\" alt=\"Jaktstugan.\" \/><\/figure><\/a><\/div>\t\t\t<\/div>\n\t\t\t\t\t\t\t\t\t\t\t\t<div class=\"elementor-swiper-button elementor-swiper-button-prev\" role=\"button\" tabindex=\"0\">\n\t\t\t\t\t\t<i aria-hidden=\"true\" class=\"eicon-chevron-left\"><\/i>\t\t\t\t\t<\/div>\n\t\t\t\t\t<div class=\"elementor-swiper-button elementor-swiper-button-next\" role=\"button\" tabindex=\"0\">\n\t\t\t\t\t\t<i aria-hidden=\"true\" class=\"eicon-chevron-right\"><\/i>\t\t\t\t\t<\/div>\n\t\t\t\t\n\t\t\t\t\t\t\t\t\t<div class=\"swiper-pagination\"><\/div>\n\t\t\t\t\t\t\t\t\t<\/div>\n\t\t\t\t\t\t<\/div>\n\t\t\t\t<\/div>\n\t\t\t\t\t<\/div>\n\t\t<\/div>\n\t\t\t\t\t<\/div>\n\t\t<\/section>\n\t\t\t\t<\/div>\n\t\t","protected":false},"excerpt":{"rendered":"<p>\u00c4lg- och bj\u00f6rnjakt \u00a0 Vi erbjuder en exklusiv renodlad bj\u00f6rnjakt f\u00f6r premi\u00e4ren den 21 augusti samt en exklusiv kombinerad \u00e4lg och bj\u00f6rnjakt i premi\u00e4ren i b\u00f6rjan av september. Avseende \u00e4lg garanterar vi att det finns m\u00f6jlighet att skjuta minst ett vuxet djur och fri kalv. Ni kommer alltid ha tillg\u00e5ng till minst tv\u00e5 rutinerade hundar. [&hellip;]<\/p>\n","protected":false},"author":1,"featured_media":0,"parent":0,"menu_order":0,"comment_status":"closed","ping_status":"closed","template":"","meta":{"_seopress_robots_primary_cat":"","_seopress_titles_title":"","_seopress_titles_desc":"","_seopress_robots_index":"","site-sidebar-layout":"no-sidebar","site-content-layout":"page-builder","ast-site-content-layout":"default","site-content-style":"default","site-sidebar-style":"default","ast-global-header-display":"","ast-banner-title-visibility":"","ast-main-header-display":"","ast-hfb-above-header-display":"","ast-hfb-below-header-display":"","ast-hfb-mobile-header-display":"","site-post-title":"disabled","ast-breadcrumbs-content":"","ast-featured-img":"disabled","footer-sml-layout":"","ast-disable-related-posts":"","theme-transparent-header-meta":"","adv-header-id-meta":"","stick-header-meta":"","header-above-stick-meta":"","header-main-stick-meta":"","header-below-stick-meta":"","astra-migrate-meta-layouts":"default","ast-page-background-enabled":"default","ast-page-background-meta":{"desktop":{"background-color":"var(--ast-global-color-4)","background-image":"","background-repeat":"repeat","background-position":"center center","background-size":"auto","background-attachment":"scroll","background-type":"","background-media":"","overlay-type":"","overlay-color":"","overlay-opacity":"","overlay-gradient":""},"tablet":{"background-color":"","background-image":"","background-repeat":"repeat","background-position":"center center","background-size":"auto","background-attachment":"scroll","background-type":"","background-media":"","overlay-type":"","overlay-color":"","overlay-opacity":"","overlay-gradient":""},"mobile":{"background-color":"","background-image":"","background-repeat":"repeat","background-position":"center center","background-size":"auto","background-attachment":"scroll","background-type":"","background-media":"","overlay-type":"","overlay-color":"","overlay-opacity":"","overlay-gradient":""}},"ast-content-background-meta":{"desktop":{"background-color":"var(--ast-global-color-5)","background-image":"","background-repeat":"repeat","background-position":"center center","background-size":"auto","background-attachment":"scroll","background-type":"","background-media":"","overlay-type":"","overlay-color":"","overlay-opacity":"","overlay-gradient":""},"tablet":{"background-color":"var(--ast-global-color-5)","background-image":"","background-repeat":"repeat","background-position":"center center","background-size":"auto","background-attachment":"scroll","background-type":"","background-media":"","overlay-type":"","overlay-color":"","overlay-opacity":"","overlay-gradient":""},"mobile":{"background-color":"var(--ast-global-color-5)","background-image":"","background-repeat":"repeat","background-position":"center center","background-size":"auto","background-attachment":"scroll","background-type":"","background-media":"","overlay-type":"","overlay-color":"","overlay-opacity":"","overlay-gradient":""}},"footnotes":""},"class_list":["post-12","page","type-page","status-publish","hentry"],"_links":{"self":[{"href":"https:\/\/www.hsjamtland.se\/hunt\/wp-json\/wp\/v2\/pages\/12","targetHints":{"allow":["GET"]}}],"collection":[{"href":"https:\/\/www.hsjamtland.se\/hunt\/wp-json\/wp\/v2\/pages"}],"about":[{"href":"https:\/\/www.hsjamtland.se\/hunt\/wp-json\/wp\/v2\/types\/page"}],"author":[{"embeddable":true,"href":"https:\/\/www.hsjamtland.se\/hunt\/wp-json\/wp\/v2\/users\/1"}],"replies":[{"embeddable":true,"href":"https:\/\/www.hsjamtland.se\/hunt\/wp-json\/wp\/v2\/comments?post=12"}],"version-history":[{"count":73,"href":"https:\/\/www.hsjamtland.se\/hunt\/wp-json\/wp\/v2\/pages\/12\/revisions"}],"predecessor-version":[{"id":1755,"href":"https:\/\/www.hsjamtland.se\/hunt\/wp-json\/wp\/v2\/pages\/12\/revisions\/1755"}],"wp:attachment":[{"href":"https:\/\/www.hsjamtland.se\/hunt\/wp-json\/wp\/v2\/media?parent=12"}],"curies":[{"name":"wp","href":"https:\/\/api.w.org\/{rel}","templated":true}]}}