{"id":30,"date":"2022-09-28T14:29:46","date_gmt":"2022-09-28T12:29:46","guid":{"rendered":"https:\/\/www.hsjamtland.se\/hunt\/?page_id=30"},"modified":"2022-11-11T13:02:35","modified_gmt":"2022-11-11T12:02:35","slug":"pris-och-tillganglighet","status":"publish","type":"page","link":"https:\/\/www.hsjamtland.se\/hunt\/en\/price-availability-and-booking\/","title":{"rendered":"Price, availability and booking"},"content":{"rendered":"<div data-elementor-type=\"wp-page\" data-elementor-id=\"30\" class=\"elementor elementor-30\">\n\t\t\t\t\t\t<section class=\"elementor-section elementor-top-section elementor-element elementor-element-49bb4ae elementor-section-boxed elementor-section-height-default elementor-section-height-default\" data-id=\"49bb4ae\" data-element_type=\"section\" data-e-type=\"section\">\n\t\t\t\t\t\t<div class=\"elementor-container elementor-column-gap-default\">\n\t\t\t\t\t<div class=\"elementor-column elementor-col-100 elementor-top-column elementor-element elementor-element-4611067\" data-id=\"4611067\" data-element_type=\"column\" data-e-type=\"column\">\n\t\t\t<div class=\"elementor-widget-wrap elementor-element-populated\">\n\t\t\t\t\t\t<div class=\"elementor-element elementor-element-9a1e316 elementor-widget elementor-widget-spacer\" data-id=\"9a1e316\" data-element_type=\"widget\" data-e-type=\"widget\" data-widget_type=\"spacer.default\">\n\t\t\t\t<div class=\"elementor-widget-container\">\n\t\t\t\t\t\t\t<div class=\"elementor-spacer\">\n\t\t\t<div class=\"elementor-spacer-inner\"><\/div>\n\t\t<\/div>\n\t\t\t\t\t\t<\/div>\n\t\t\t\t<\/div>\n\t\t\t\t\t<\/div>\n\t\t<\/div>\n\t\t\t\t\t<\/div>\n\t\t<\/section>\n\t\t\t\t<section class=\"elementor-section elementor-top-section elementor-element elementor-element-ca136a3 elementor-section-boxed elementor-section-height-default elementor-section-height-default\" data-id=\"ca136a3\" data-element_type=\"section\" data-e-type=\"section\">\n\t\t\t\t\t\t<div class=\"elementor-container elementor-column-gap-default\">\n\t\t\t\t\t<div class=\"elementor-column elementor-col-100 elementor-top-column elementor-element elementor-element-03609ca\" data-id=\"03609ca\" data-element_type=\"column\" data-e-type=\"column\">\n\t\t\t<div class=\"elementor-widget-wrap elementor-element-populated\">\n\t\t\t\t\t\t<div class=\"elementor-element elementor-element-672b674 elementor-widget elementor-widget-text-editor\" data-id=\"672b674\" data-element_type=\"widget\" data-e-type=\"widget\" data-widget_type=\"text-editor.default\">\n\t\t\t\t<div class=\"elementor-widget-container\">\n\t\t\t\t\t\t\t\t\t<h1>Price, availability and booking<\/h1>\t\t\t\t\t\t\t\t<\/div>\n\t\t\t\t<\/div>\n\t\t\t\t<div class=\"elementor-element elementor-element-18070a5 elementor-widget elementor-widget-text-editor\" data-id=\"18070a5\" data-element_type=\"widget\" data-e-type=\"widget\" data-widget_type=\"text-editor.default\">\n\t\t\t\t<div class=\"elementor-widget-container\">\n\t\t\t\t\t\t\t\t\t<p><strong>Price combined bear and moose hunt:<\/strong><span style=\"font-size: 16px; font-style: inherit; font-weight: inherit; background-color: var(--ast-global-color-5); color: rgba(82, 104, 64, 0.75);\"> 99 000 SEK incl. VAT for up to 5 persons.<\/span><\/p><p><strong>Price bear hunt:<\/strong> 89 000 SEK incl. VAT for up to 5 persons.<\/p><p>\u00a0<\/p><p>Included in the price:<br \/>Hunting Thursday, Friday and Saturday<br \/>Experienced hunting leader and two dogs minimum.<br \/>Accommodation Wednesday to Sunday<br \/>Breakfast, lunch and dinner Wednesday to Sunday. Drinks.<br \/>Transportation from \u00c5re\/\u00d6stersund airport or train station<\/p><p>\u00a0<\/p><p><strong>Price for \u201ctree top bird hunting\u201d:<\/strong> 89 000 SEK incl. VAT for up to 5 persons.<\/p><p>\u00a0<\/p><p>Included in the price:<\/p><p>Hunting Thursday, Friday and Saturday<br \/>Experienced hunting leader<br \/>Accommodation Wednesday to Sunday<br \/>Breakfast, lunch and dinner Wednesday to Sunday. Drinks.<br \/>Transportation from \u00c5re\/\u00d6stersund airport or train station<br \/>Skis<\/p><p>\u00a0<\/p><p><strong>Terms and payment:<\/strong><\/p><p>By the time of booking, a booking fee of 30 % of the total payable amount should be paid. Information about the payment will be sent when booking. The rest of the amount should be paid at latest 30 days before arrival.<\/p><p>\u00a0<\/p><p><strong>Cancellation:<\/strong><\/p><p>Written cancellation must be sent to <a href=\"mailto:info@hsjamtland.se\">info@hsjamtland.se<\/a>. We will confirm the cancellation in writing.<br \/>When cancellation is done 30 days or less before arrival, the booking fee of 30 % will be forfeited in its entirety. Cancellations made 15 days or less before arrival means 100% of the total payable amount must be paid.<\/p><p>\u00a0<\/p><p><strong>Booking of other dates:<\/strong>:<\/p><p>The dates marked as available in the calendar can be booked. For other weekends, please send a booking request to <a href=\"mailto:info@hsjamtland.se\">info@hsjamtland.se<\/a>.<\/p><p>\u00a0<\/p><p><strong>Other:<\/strong><\/p><p>As in all of Sweden, there is a restriction on the number of animals that can be shoot on the land. If the amount is reached, the hunting leader will have to cancel the hunting for that specific animal or age\/gender of the specific animal. It will be possible to continue the hunt for other animals.<\/p>\t\t\t\t\t\t\t\t<\/div>\n\t\t\t\t<\/div>\n\t\t\t\t<div class=\"elementor-element elementor-element-fe05292 elementor-widget-divider--view-line elementor-widget elementor-widget-divider\" data-id=\"fe05292\" data-element_type=\"widget\" data-e-type=\"widget\" data-widget_type=\"divider.default\">\n\t\t\t\t<div class=\"elementor-widget-container\">\n\t\t\t\t\t\t\t<div class=\"elementor-divider\">\n\t\t\t<span class=\"elementor-divider-separator\">\n\t\t\t\t\t\t<\/span>\n\t\t<\/div>\n\t\t\t\t\t\t<\/div>\n\t\t\t\t<\/div>\n\t\t\t\t<div class=\"elementor-element elementor-element-b94a49c elementor-widget elementor-widget-html\" data-id=\"b94a49c\" data-element_type=\"widget\" data-e-type=\"widget\" data-widget_type=\"html.default\">\n\t\t\t\t<div class=\"elementor-widget-container\">\n\t\t\t\t\t<iframe src=\"https:\/\/boka.se\/hsjamtlandstuga\/boka\/boka-jakt--(ffyrshu9)\" width=\"1100\" height=\"1200\" frameborder=\"0\" scrolling=\"auto\"><\/iframe>\t\t\t\t<\/div>\n\t\t\t\t<\/div>\n\t\t\t\t\t<\/div>\n\t\t<\/div>\n\t\t\t\t\t<\/div>\n\t\t<\/section>\n\t\t\t\t<\/div>","protected":false},"excerpt":{"rendered":"<p>Pris, tillg\u00e4nglighet och boka Pris bj\u00f6rn- och \u00e4lgjakt: 99 000 kr inkl moms f\u00f6r max 5 personer. Pris f\u00f6r bj\u00f6rnjakt: 89 000 kr inkl moms f\u00f6r max 5 personer. \u00a0 I priset ing\u00e5r:Jakt tors, fredag och l\u00f6rdag.Jaktledare samt \u00e5tminstone tv\u00e5 rutinerade hundar.Boende onsdag-s\u00f6ndag.Frukost, lunch och middag onsdag kv\u00e4ll till s\u00f6ndag morgon. Dryck.Transport till och fr\u00e5n [&hellip;]<\/p>\n","protected":false},"author":1,"featured_media":0,"parent":0,"menu_order":0,"comment_status":"closed","ping_status":"closed","template":"","meta":{"_seopress_robots_primary_cat":"","_seopress_titles_title":"","_seopress_titles_desc":"","_seopress_robots_index":"","site-sidebar-layout":"no-sidebar","site-content-layout":"page-builder","ast-site-content-layout":"default","site-content-style":"default","site-sidebar-style":"default","ast-global-header-display":"","ast-banner-title-visibility":"","ast-main-header-display":"","ast-hfb-above-header-display":"","ast-hfb-below-header-display":"","ast-hfb-mobile-header-display":"","site-post-title":"disabled","ast-breadcrumbs-content":"","ast-featured-img":"disabled","footer-sml-layout":"","ast-disable-related-posts":"","theme-transparent-header-meta":"","adv-header-id-meta":"","stick-header-meta":"","header-above-stick-meta":"","header-main-stick-meta":"","header-below-stick-meta":"","astra-migrate-meta-layouts":"default","ast-page-background-enabled":"default","ast-page-background-meta":{"desktop":{"background-color":"var(--ast-global-color-4)","background-image":"","background-repeat":"repeat","background-position":"center center","background-size":"auto","background-attachment":"scroll","background-type":"","background-media":"","overlay-type":"","overlay-color":"","overlay-opacity":"","overlay-gradient":""},"tablet":{"background-color":"","background-image":"","background-repeat":"repeat","background-position":"center center","background-size":"auto","background-attachment":"scroll","background-type":"","background-media":"","overlay-type":"","overlay-color":"","overlay-opacity":"","overlay-gradient":""},"mobile":{"background-color":"","background-image":"","background-repeat":"repeat","background-position":"center center","background-size":"auto","background-attachment":"scroll","background-type":"","background-media":"","overlay-type":"","overlay-color":"","overlay-opacity":"","overlay-gradient":""}},"ast-content-background-meta":{"desktop":{"background-color":"var(--ast-global-color-5)","background-image":"","background-repeat":"repeat","background-position":"center center","background-size":"auto","background-attachment":"scroll","background-type":"","background-media":"","overlay-type":"","overlay-color":"","overlay-opacity":"","overlay-gradient":""},"tablet":{"background-color":"var(--ast-global-color-5)","background-image":"","background-repeat":"repeat","background-position":"center center","background-size":"auto","background-attachment":"scroll","background-type":"","background-media":"","overlay-type":"","overlay-color":"","overlay-opacity":"","overlay-gradient":""},"mobile":{"background-color":"var(--ast-global-color-5)","background-image":"","background-repeat":"repeat","background-position":"center center","background-size":"auto","background-attachment":"scroll","background-type":"","background-media":"","overlay-type":"","overlay-color":"","overlay-opacity":"","overlay-gradient":""}},"footnotes":""},"class_list":["post-30","page","type-page","status-publish","hentry"],"_links":{"self":[{"href":"https:\/\/www.hsjamtland.se\/hunt\/en\/wp-json\/wp\/v2\/pages\/30","targetHints":{"allow":["GET"]}}],"collection":[{"href":"https:\/\/www.hsjamtland.se\/hunt\/en\/wp-json\/wp\/v2\/pages"}],"about":[{"href":"https:\/\/www.hsjamtland.se\/hunt\/en\/wp-json\/wp\/v2\/types\/page"}],"author":[{"embeddable":true,"href":"https:\/\/www.hsjamtland.se\/hunt\/en\/wp-json\/wp\/v2\/users\/1"}],"replies":[{"embeddable":true,"href":"https:\/\/www.hsjamtland.se\/hunt\/en\/wp-json\/wp\/v2\/comments?post=30"}],"version-history":[{"count":48,"href":"https:\/\/www.hsjamtland.se\/hunt\/en\/wp-json\/wp\/v2\/pages\/30\/revisions"}],"predecessor-version":[{"id":1713,"href":"https:\/\/www.hsjamtland.se\/hunt\/en\/wp-json\/wp\/v2\/pages\/30\/revisions\/1713"}],"wp:attachment":[{"href":"https:\/\/www.hsjamtland.se\/hunt\/en\/wp-json\/wp\/v2\/media?parent=30"}],"curies":[{"name":"wp","href":"https:\/\/api.w.org\/{rel}","templated":true}]}}