{"id":1524,"date":"2022-10-19T14:35:38","date_gmt":"2022-10-19T12:35:38","guid":{"rendered":"https:\/\/www.hsjamtland.se\/hunt\/?page_id=1524"},"modified":"2022-10-21T09:17:56","modified_gmt":"2022-10-21T07:17:56","slug":"kontakt","status":"publish","type":"page","link":"https:\/\/www.hsjamtland.se\/hunt\/de\/kontakt\/","title":{"rendered":"Kontakt"},"content":{"rendered":"<div data-elementor-type=\"wp-page\" data-elementor-id=\"1524\" class=\"elementor elementor-1524\">\n\t\t\t\t\t\t<section class=\"elementor-section elementor-top-section elementor-element elementor-element-f946936 elementor-section-boxed elementor-section-height-default elementor-section-height-default\" data-id=\"f946936\" data-element_type=\"section\" data-e-type=\"section\">\n\t\t\t\t\t\t<div class=\"elementor-container elementor-column-gap-default\">\n\t\t\t\t\t<div class=\"elementor-column elementor-col-100 elementor-top-column elementor-element elementor-element-414edb7\" data-id=\"414edb7\" data-element_type=\"column\" data-e-type=\"column\">\n\t\t\t<div class=\"elementor-widget-wrap elementor-element-populated\">\n\t\t\t\t\t\t<div class=\"elementor-element elementor-element-68072e7 elementor-widget elementor-widget-spacer\" data-id=\"68072e7\" data-element_type=\"widget\" data-e-type=\"widget\" data-widget_type=\"spacer.default\">\n\t\t\t\t<div class=\"elementor-widget-container\">\n\t\t\t\t\t\t\t<div class=\"elementor-spacer\">\n\t\t\t<div class=\"elementor-spacer-inner\"><\/div>\n\t\t<\/div>\n\t\t\t\t\t\t<\/div>\n\t\t\t\t<\/div>\n\t\t\t\t\t<\/div>\n\t\t<\/div>\n\t\t\t\t\t<\/div>\n\t\t<\/section>\n\t\t\t\t<section class=\"elementor-section elementor-top-section elementor-element elementor-element-916d6a6 elementor-section-boxed elementor-section-height-default elementor-section-height-default\" data-id=\"916d6a6\" data-element_type=\"section\" data-e-type=\"section\">\n\t\t\t\t\t\t<div class=\"elementor-container elementor-column-gap-default\">\n\t\t\t\t\t<div class=\"elementor-column elementor-col-100 elementor-top-column elementor-element elementor-element-75aa151\" data-id=\"75aa151\" data-element_type=\"column\" data-e-type=\"column\">\n\t\t\t<div class=\"elementor-widget-wrap elementor-element-populated\">\n\t\t\t\t\t\t<div class=\"elementor-element elementor-element-467c4dd elementor-widget elementor-widget-text-editor\" data-id=\"467c4dd\" data-element_type=\"widget\" data-e-type=\"widget\" data-widget_type=\"text-editor.default\">\n\t\t\t\t<div class=\"elementor-widget-container\">\n\t\t\t\t\t\t\t\t\t<h1>Kontakt<\/h1><p>\u00a0<\/p><p>Buchungsanfragen werden von Heidi S\u00f6derstr\u00f6m Laag bearbeitet:<\/p><p>\u00a0<\/p><p><a href=\"mailto:info@hsjamtland.se\">info@hsjamtland.se<\/a><br \/>Tel. +46 709 294155<\/p><p>\u00a0<\/p><p>Die Jagdausfl\u00fcge werden von Bergs S\u00e5g &amp; Tr\u00e4varu AB organisiert. Das Unternehmen verf\u00fcgt \u00fcber eine F-Steuerbescheinigung.<\/p><p>\u00a0<\/p><p><img fetchpriority=\"high\" decoding=\"async\" class=\"wp-image-1595 size-medium alignleft\" src=\"https:\/\/www.hsjamtland.se\/hunt\/wp-content\/uploads\/sites\/2\/2022\/10\/Kontakt-IMG_5201-225x300.jpeg\" alt=\"\" width=\"225\" height=\"300\" srcset=\"https:\/\/www.hsjamtland.se\/hunt\/wp-content\/uploads\/sites\/2\/2022\/10\/Kontakt-IMG_5201-225x300.jpeg 225w, https:\/\/www.hsjamtland.se\/hunt\/wp-content\/uploads\/sites\/2\/2022\/10\/Kontakt-IMG_5201-768x1024.jpeg 768w, https:\/\/www.hsjamtland.se\/hunt\/wp-content\/uploads\/sites\/2\/2022\/10\/Kontakt-IMG_5201-1152x1536.jpeg 1152w, https:\/\/www.hsjamtland.se\/hunt\/wp-content\/uploads\/sites\/2\/2022\/10\/Kontakt-IMG_5201-1536x2048.jpeg 1536w, https:\/\/www.hsjamtland.se\/hunt\/wp-content\/uploads\/sites\/2\/2022\/10\/Kontakt-IMG_5201-scaled.jpeg 1920w\" sizes=\"(max-width: 225px) 100vw, 225px\" \/><\/p>\t\t\t\t\t\t\t\t<\/div>\n\t\t\t\t<\/div>\n\t\t\t\t\t<\/div>\n\t\t<\/div>\n\t\t\t\t\t<\/div>\n\t\t<\/section>\n\t\t\t\t<\/div>","protected":false},"excerpt":{"rendered":"<p>Kontakt \u00a0 Bokningsf\u00f6rfr\u00e5gningar hanteras av Heidi S\u00f6derstr\u00f6m Laag: \u00a0 info@hsjamtland.seTel. 0709-294155 \u00a0 Jaktresorna anordnas av Bergs S\u00e5g &amp; Tr\u00e4varu AB. F\u00f6retaget innehar f-skattsedel. \u00a0<\/p>","protected":false},"author":1,"featured_media":0,"parent":0,"menu_order":0,"comment_status":"closed","ping_status":"closed","template":"","meta":{"_seopress_robots_primary_cat":"","_seopress_titles_title":"","_seopress_titles_desc":"","_seopress_robots_index":"","site-sidebar-layout":"no-sidebar","site-content-layout":"page-builder","ast-site-content-layout":"default","site-content-style":"default","site-sidebar-style":"default","ast-global-header-display":"","ast-banner-title-visibility":"","ast-main-header-display":"","ast-hfb-above-header-display":"","ast-hfb-below-header-display":"","ast-hfb-mobile-header-display":"","site-post-title":"disabled","ast-breadcrumbs-content":"","ast-featured-img":"disabled","footer-sml-layout":"","ast-disable-related-posts":"","theme-transparent-header-meta":"","adv-header-id-meta":"","stick-header-meta":"","header-above-stick-meta":"","header-main-stick-meta":"","header-below-stick-meta":"","astra-migrate-meta-layouts":"default","ast-page-background-enabled":"default","ast-page-background-meta":{"desktop":{"background-color":"var(--ast-global-color-4)","background-image":"","background-repeat":"repeat","background-position":"center center","background-size":"auto","background-attachment":"scroll","background-type":"","background-media":"","overlay-type":"","overlay-color":"","overlay-opacity":"","overlay-gradient":""},"tablet":{"background-color":"","background-image":"","background-repeat":"repeat","background-position":"center center","background-size":"auto","background-attachment":"scroll","background-type":"","background-media":"","overlay-type":"","overlay-color":"","overlay-opacity":"","overlay-gradient":""},"mobile":{"background-color":"","background-image":"","background-repeat":"repeat","background-position":"center center","background-size":"auto","background-attachment":"scroll","background-type":"","background-media":"","overlay-type":"","overlay-color":"","overlay-opacity":"","overlay-gradient":""}},"ast-content-background-meta":{"desktop":{"background-color":"var(--ast-global-color-5)","background-image":"","background-repeat":"repeat","background-position":"center center","background-size":"auto","background-attachment":"scroll","background-type":"","background-media":"","overlay-type":"","overlay-color":"","overlay-opacity":"","overlay-gradient":""},"tablet":{"background-color":"var(--ast-global-color-5)","background-image":"","background-repeat":"repeat","background-position":"center center","background-size":"auto","background-attachment":"scroll","background-type":"","background-media":"","overlay-type":"","overlay-color":"","overlay-opacity":"","overlay-gradient":""},"mobile":{"background-color":"var(--ast-global-color-5)","background-image":"","background-repeat":"repeat","background-position":"center center","background-size":"auto","background-attachment":"scroll","background-type":"","background-media":"","overlay-type":"","overlay-color":"","overlay-opacity":"","overlay-gradient":""}},"footnotes":""},"class_list":["post-1524","page","type-page","status-publish","hentry"],"_links":{"self":[{"href":"https:\/\/www.hsjamtland.se\/hunt\/de\/wp-json\/wp\/v2\/pages\/1524","targetHints":{"allow":["GET"]}}],"collection":[{"href":"https:\/\/www.hsjamtland.se\/hunt\/de\/wp-json\/wp\/v2\/pages"}],"about":[{"href":"https:\/\/www.hsjamtland.se\/hunt\/de\/wp-json\/wp\/v2\/types\/page"}],"author":[{"embeddable":true,"href":"https:\/\/www.hsjamtland.se\/hunt\/de\/wp-json\/wp\/v2\/users\/1"}],"replies":[{"embeddable":true,"href":"https:\/\/www.hsjamtland.se\/hunt\/de\/wp-json\/wp\/v2\/comments?post=1524"}],"version-history":[{"count":10,"href":"https:\/\/www.hsjamtland.se\/hunt\/de\/wp-json\/wp\/v2\/pages\/1524\/revisions"}],"predecessor-version":[{"id":1598,"href":"https:\/\/www.hsjamtland.se\/hunt\/de\/wp-json\/wp\/v2\/pages\/1524\/revisions\/1598"}],"wp:attachment":[{"href":"https:\/\/www.hsjamtland.se\/hunt\/de\/wp-json\/wp\/v2\/media?parent=1524"}],"curies":[{"name":"wp","href":"https:\/\/api.w.org\/{rel}","templated":true}]}}