{"id":14,"date":"2022-09-28T14:15:23","date_gmt":"2022-09-28T12:15:23","guid":{"rendered":"https:\/\/www.hsjamtland.se\/hunt\/?page_id=14"},"modified":"2022-12-27T11:12:59","modified_gmt":"2022-12-27T10:12:59","slug":"toppfageljakt","status":"publish","type":"page","link":"https:\/\/www.hsjamtland.se\/hunt\/de\/jagd-auf-auerhahne\/","title":{"rendered":"Jagd auf Auerh\u00e4hne"},"content":{"rendered":"<div data-elementor-type=\"wp-page\" data-elementor-id=\"14\" class=\"elementor elementor-14\">\n\t\t\t\t\t\t<section class=\"elementor-section elementor-top-section elementor-element elementor-element-0999bae elementor-section-height-min-height elementor-section-boxed elementor-section-height-default elementor-section-items-middle\" data-id=\"0999bae\" data-element_type=\"section\" data-e-type=\"section\" data-settings=\"{&quot;background_background&quot;:&quot;classic&quot;}\">\n\t\t\t\t\t\t<div class=\"elementor-container elementor-column-gap-default\">\n\t\t\t\t\t<div class=\"elementor-column elementor-col-100 elementor-top-column elementor-element elementor-element-840924c\" data-id=\"840924c\" data-element_type=\"column\" data-e-type=\"column\">\n\t\t\t<div class=\"elementor-widget-wrap\">\n\t\t\t\t\t\t\t<\/div>\n\t\t<\/div>\n\t\t\t\t\t<\/div>\n\t\t<\/section>\n\t\t\t\t<section class=\"elementor-section elementor-top-section elementor-element elementor-element-2b20bd2 elementor-section-boxed elementor-section-height-default elementor-section-height-default\" data-id=\"2b20bd2\" data-element_type=\"section\" data-e-type=\"section\">\n\t\t\t\t\t\t<div class=\"elementor-container elementor-column-gap-default\">\n\t\t\t\t\t<div class=\"elementor-column elementor-col-100 elementor-top-column elementor-element elementor-element-8e4008e\" data-id=\"8e4008e\" data-element_type=\"column\" data-e-type=\"column\">\n\t\t\t<div class=\"elementor-widget-wrap elementor-element-populated\">\n\t\t\t\t\t\t<div class=\"elementor-element elementor-element-6ce47ed elementor-widget elementor-widget-spacer\" data-id=\"6ce47ed\" data-element_type=\"widget\" data-e-type=\"widget\" data-widget_type=\"spacer.default\">\n\t\t\t\t<div class=\"elementor-widget-container\">\n\t\t\t\t\t\t\t<div class=\"elementor-spacer\">\n\t\t\t<div class=\"elementor-spacer-inner\"><\/div>\n\t\t<\/div>\n\t\t\t\t\t\t<\/div>\n\t\t\t\t<\/div>\n\t\t\t\t\t<\/div>\n\t\t<\/div>\n\t\t\t\t\t<\/div>\n\t\t<\/section>\n\t\t\t\t<section class=\"elementor-section elementor-top-section elementor-element elementor-element-56c42f8 elementor-section-boxed elementor-section-height-default elementor-section-height-default\" data-id=\"56c42f8\" data-element_type=\"section\" data-e-type=\"section\">\n\t\t\t\t\t\t<div class=\"elementor-container elementor-column-gap-default\">\n\t\t\t\t\t<div class=\"elementor-column elementor-col-100 elementor-top-column elementor-element elementor-element-5fc85ac\" data-id=\"5fc85ac\" data-element_type=\"column\" data-e-type=\"column\">\n\t\t\t<div class=\"elementor-widget-wrap elementor-element-populated\">\n\t\t\t\t\t\t<div class=\"elementor-element elementor-element-549a90e elementor-widget elementor-widget-text-editor\" data-id=\"549a90e\" data-element_type=\"widget\" data-e-type=\"widget\" data-widget_type=\"text-editor.default\">\n\t\t\t\t<div class=\"elementor-widget-container\">\n\t\t\t\t\t\t\t\t\t<h1>Jagd auf Auerh\u00e4hne<\/h1><p>\u00a0<\/p><p>Im Winter bieten wir Jagd auf Auerh\u00e4hne an, bei der wir unter anderem Raufu\u00dfh\u00fchner und Auerh\u00fchner jagen. Die Jagd auf Auerh\u00e4hne ist eine Form der Jagd, die fantastische Naturerlebnisse auf dem verschneiten Gel\u00e4nde bietet. Die Jagd findet auf Jagd Skiern statt und meist ohne Hunde. Die Jagd auf Auerh\u00e4hne wie Elch- und B\u00e4renjagd, ist ein All-Inclusive-Erlebnis, bei dem Jagdf\u00fchrer, Essen, Trinken, Unterkunft und Transport inbegriffen sind. Ausr\u00fcstung in Form von Jagd Skiern ist ebenfalls enthalten.<\/p><p>\u00a0<\/p><p>Je nach Verf\u00fcgbarkeit von Wild und Schneeh\u00f6he k\u00f6nnen wir gegen einen Preisaufschlag die Jagd auf Auerh\u00e4hne in Kombination mit der Elchjagd anbieten. Wenn Sie eine Jagd auf Auerh\u00e4hne buchen, geschieht dies im Dialog mit HS J\u00e4mtland.<\/p><p>\u00a0<\/p><p><span style=\"text-decoration: underline;\">Ein Tag im Jagdrevier<\/span><\/p><p>\u00a0<\/p><p>Der Jagdtag beginnt fr\u00fch am Morgen mit einem gemeinsamen Fr\u00fchst\u00fcck, w\u00e4hrend der Jagdf\u00fchrer die Pl\u00e4ne f\u00fcr den Tag durchgeht. Zus\u00e4tzlicher Kaffee wird vorbereitet und in Thermoskannen zusammen mit Sandwiches und mehr f\u00fcr der Morgen Stand verteilt.<\/p><p>\u00a0<\/p><p>Dann wartet das erste Treiben des Tages nach den Pl\u00e4nen, die mit dem Jagdf\u00fchrer ausgearbeitet wurden.<\/p><p>\u00a0<\/p><p>Zur Mittagszeit machen Sie eine Pause und treffen sich in der Jagdh\u00fctte zu einem gemeinsamen Mittagessen. Etwas W\u00e4rmendes und S\u00e4ttigendes, das im einen Muurikka zubereitet wird, steht wahrscheinlich auf der Speisekarte.<\/p><p>\u00a0<\/p><p>Nach dem Mittagessen wartet das zweite Treiben des Tages.<\/p><p>\u00a0<\/p><p>Eine Sauna und ein gutes gemeinsames Abendessen, die mit regionalen Zutaten von Ihrem privaten Koch zubereitet wird, rundet den Tag ab. Vielleicht lassen Sie den Abend dann im Bade-Zuber unter dem Sternenhimmel ausklingen \u2013 ein echter Hit!<\/p>\t\t\t\t\t\t\t\t<\/div>\n\t\t\t\t<\/div>\n\t\t\t\t\t<\/div>\n\t\t<\/div>\n\t\t\t\t\t<\/div>\n\t\t<\/section>\n\t\t\t\t<section class=\"elementor-section elementor-top-section elementor-element elementor-element-de35eef elementor-section-boxed elementor-section-height-default elementor-section-height-default\" data-id=\"de35eef\" data-element_type=\"section\" data-e-type=\"section\">\n\t\t\t\t\t\t<div class=\"elementor-container elementor-column-gap-default\">\n\t\t\t\t\t<div class=\"elementor-column elementor-col-100 elementor-top-column elementor-element elementor-element-26a58b8\" data-id=\"26a58b8\" data-element_type=\"column\" data-e-type=\"column\">\n\t\t\t<div class=\"elementor-widget-wrap elementor-element-populated\">\n\t\t\t\t\t\t<div class=\"elementor-element elementor-element-20cbf27 elementor-widget elementor-widget-spacer\" data-id=\"20cbf27\" data-element_type=\"widget\" data-e-type=\"widget\" data-widget_type=\"spacer.default\">\n\t\t\t\t<div class=\"elementor-widget-container\">\n\t\t\t\t\t\t\t<div class=\"elementor-spacer\">\n\t\t\t<div class=\"elementor-spacer-inner\"><\/div>\n\t\t<\/div>\n\t\t\t\t\t\t<\/div>\n\t\t\t\t<\/div>\n\t\t\t\t\t<\/div>\n\t\t<\/div>\n\t\t\t\t\t<\/div>\n\t\t<\/section>\n\t\t\t\t<section class=\"elementor-section elementor-top-section elementor-element elementor-element-69f512d elementor-section-boxed elementor-section-height-default elementor-section-height-default\" data-id=\"69f512d\" data-element_type=\"section\" data-e-type=\"section\">\n\t\t\t\t\t\t<div class=\"elementor-container elementor-column-gap-default\">\n\t\t\t\t\t<div class=\"elementor-column elementor-col-100 elementor-top-column elementor-element elementor-element-d35c8b3\" data-id=\"d35c8b3\" data-element_type=\"column\" data-e-type=\"column\">\n\t\t\t<div class=\"elementor-widget-wrap elementor-element-populated\">\n\t\t\t\t\t\t<div class=\"elementor-element elementor-element-6ff05a6 elementor-arrows-position-outside elementor-pagination-position-outside elementor-widget elementor-widget-image-carousel\" data-id=\"6ff05a6\" data-element_type=\"widget\" data-e-type=\"widget\" data-settings=\"{&quot;navigation&quot;:&quot;both&quot;,&quot;autoplay&quot;:&quot;yes&quot;,&quot;pause_on_hover&quot;:&quot;yes&quot;,&quot;pause_on_interaction&quot;:&quot;yes&quot;,&quot;autoplay_speed&quot;:5000,&quot;infinite&quot;:&quot;yes&quot;,&quot;speed&quot;:500}\" data-widget_type=\"image-carousel.default\">\n\t\t\t\t<div class=\"elementor-widget-container\">\n\t\t\t\t\t\t\t<div class=\"elementor-image-carousel-wrapper swiper\" role=\"region\" aria-roledescription=\"carousel\" aria-label=\"Image Carousel\" dir=\"ltr\" data-no-translation-aria-label=\"\">\n\t\t\t<div class=\"elementor-image-carousel swiper-wrapper\" aria-live=\"off\">\n\t\t\t\t\t\t\t\t<div class=\"swiper-slide\" role=\"group\" aria-roledescription=\"slide\" aria-label=\"1 of 6\" data-no-translation-aria-label=\"\"><a data-elementor-open-lightbox=\"yes\" data-elementor-lightbox-slideshow=\"6ff05a6\" data-elementor-lightbox-title=\"Toppf\u00e5geljakt.\" data-e-action-hash=\"#elementor-action%3Aaction%3Dlightbox%26settings%3DeyJpZCI6MTU0MiwidXJsIjoiaHR0cHM6XC9cL3d3dy5oc2phbXRsYW5kLnNlXC9odW50XC93cC1jb250ZW50XC91cGxvYWRzXC9zaXRlc1wvMlwvMjAyMlwvMTBcL0dhbGxlcmktVG9wcGZhXHUwMzBhZ2VsamFrdC0xLXNjYWxlZC5qcGVnIiwic2xpZGVzaG93IjoiNmZmMDVhNiJ9\" href=\"https:\/\/www.hsjamtland.se\/hunt\/wp-content\/uploads\/sites\/2\/2022\/10\/Galleri-Toppfa\u030ageljakt-1-scaled.jpeg\"><figure class=\"swiper-slide-inner\"><img decoding=\"async\" class=\"swiper-slide-image\" src=\"https:\/\/www.hsjamtland.se\/hunt\/wp-content\/uploads\/sites\/2\/2022\/10\/Galleri-Toppfa\u030ageljakt-1-225x300.jpeg\" alt=\"Toppf\u00e5geljakt.\" \/><\/figure><\/a><\/div><div class=\"swiper-slide\" role=\"group\" aria-roledescription=\"slide\" aria-label=\"2 of 6\" data-no-translation-aria-label=\"\"><a data-elementor-open-lightbox=\"yes\" data-elementor-lightbox-slideshow=\"6ff05a6\" data-elementor-lightbox-title=\"Toppf\u00e5geljakt.\" data-e-action-hash=\"#elementor-action%3Aaction%3Dlightbox%26settings%3DeyJpZCI6MTU0NiwidXJsIjoiaHR0cHM6XC9cL3d3dy5oc2phbXRsYW5kLnNlXC9odW50XC93cC1jb250ZW50XC91cGxvYWRzXC9zaXRlc1wvMlwvMjAyMlwvMTBcL0dhbGxlcmktVG9wcGZhXHUwMzBhZ2VsamFrdC1JTUdfNzYzNy1zY2FsZWQuanBlZyIsInNsaWRlc2hvdyI6IjZmZjA1YTYifQ%3D%3D\" href=\"https:\/\/www.hsjamtland.se\/hunt\/wp-content\/uploads\/sites\/2\/2022\/10\/Galleri-Toppfa\u030ageljakt-IMG_7637-scaled.jpeg\"><figure class=\"swiper-slide-inner\"><img decoding=\"async\" class=\"swiper-slide-image\" src=\"https:\/\/www.hsjamtland.se\/hunt\/wp-content\/uploads\/sites\/2\/2022\/10\/Galleri-Toppfa\u030ageljakt-IMG_7637-225x300.jpeg\" alt=\"Toppf\u00e5geljakt.\" \/><\/figure><\/a><\/div><div class=\"swiper-slide\" role=\"group\" aria-roledescription=\"slide\" aria-label=\"3 of 6\" data-no-translation-aria-label=\"\"><a data-elementor-open-lightbox=\"yes\" data-elementor-lightbox-slideshow=\"6ff05a6\" data-elementor-lightbox-title=\"Toppf\u00e5geljakt.\" data-e-action-hash=\"#elementor-action%3Aaction%3Dlightbox%26settings%3DeyJpZCI6MTU0NywidXJsIjoiaHR0cHM6XC9cL3d3dy5oc2phbXRsYW5kLnNlXC9odW50XC93cC1jb250ZW50XC91cGxvYWRzXC9zaXRlc1wvMlwvMjAyMlwvMTBcL0dhbGxlcmktVG9wcGZhXHUwMzBhZ2VsamFrdC1JTUdfNzY0MC1zY2FsZWQuanBlZyIsInNsaWRlc2hvdyI6IjZmZjA1YTYifQ%3D%3D\" href=\"https:\/\/www.hsjamtland.se\/hunt\/wp-content\/uploads\/sites\/2\/2022\/10\/Galleri-Toppfa\u030ageljakt-IMG_7640-scaled.jpeg\"><figure class=\"swiper-slide-inner\"><img decoding=\"async\" class=\"swiper-slide-image\" src=\"https:\/\/www.hsjamtland.se\/hunt\/wp-content\/uploads\/sites\/2\/2022\/10\/Galleri-Toppfa\u030ageljakt-IMG_7640-225x300.jpeg\" alt=\"Toppf\u00e5geljakt.\" \/><\/figure><\/a><\/div><div class=\"swiper-slide\" role=\"group\" aria-roledescription=\"slide\" aria-label=\"4 of 6\" data-no-translation-aria-label=\"\"><a data-elementor-open-lightbox=\"yes\" data-elementor-lightbox-slideshow=\"6ff05a6\" data-elementor-lightbox-title=\"Toppf\u00e5geljakt.\" data-e-action-hash=\"#elementor-action%3Aaction%3Dlightbox%26settings%3DeyJpZCI6MTU0NSwidXJsIjoiaHR0cHM6XC9cL3d3dy5oc2phbXRsYW5kLnNlXC9odW50XC93cC1jb250ZW50XC91cGxvYWRzXC9zaXRlc1wvMlwvMjAyMlwvMTBcL0dhbGxlcmktVG9wcGZhXHUwMzBhZ2VsamFrdC1JTUdfNzYzNi1zY2FsZWQuanBlZyIsInNsaWRlc2hvdyI6IjZmZjA1YTYifQ%3D%3D\" href=\"https:\/\/www.hsjamtland.se\/hunt\/wp-content\/uploads\/sites\/2\/2022\/10\/Galleri-Toppfa\u030ageljakt-IMG_7636-scaled.jpeg\"><figure class=\"swiper-slide-inner\"><img decoding=\"async\" class=\"swiper-slide-image\" src=\"https:\/\/www.hsjamtland.se\/hunt\/wp-content\/uploads\/sites\/2\/2022\/10\/Galleri-Toppfa\u030ageljakt-IMG_7636-225x300.jpeg\" alt=\"Toppf\u00e5geljakt.\" \/><\/figure><\/a><\/div><div class=\"swiper-slide\" role=\"group\" aria-roledescription=\"slide\" aria-label=\"5 of 6\" data-no-translation-aria-label=\"\"><a data-elementor-open-lightbox=\"yes\" data-elementor-lightbox-slideshow=\"6ff05a6\" data-elementor-lightbox-title=\"Toppf\u00e5geljakt.\" data-e-action-hash=\"#elementor-action%3Aaction%3Dlightbox%26settings%3DeyJpZCI6MTU0NCwidXJsIjoiaHR0cHM6XC9cL3d3dy5oc2phbXRsYW5kLnNlXC9odW50XC93cC1jb250ZW50XC91cGxvYWRzXC9zaXRlc1wvMlwvMjAyMlwvMTBcL0dhbGxlcmktVG9wcGZhXHUwMzBhZ2VsamFrdC1JTUdfNzYzNC1zY2FsZWQuanBlZyIsInNsaWRlc2hvdyI6IjZmZjA1YTYifQ%3D%3D\" href=\"https:\/\/www.hsjamtland.se\/hunt\/wp-content\/uploads\/sites\/2\/2022\/10\/Galleri-Toppfa\u030ageljakt-IMG_7634-scaled.jpeg\"><figure class=\"swiper-slide-inner\"><img decoding=\"async\" class=\"swiper-slide-image\" src=\"https:\/\/www.hsjamtland.se\/hunt\/wp-content\/uploads\/sites\/2\/2022\/10\/Galleri-Toppfa\u030ageljakt-IMG_7634-225x300.jpeg\" alt=\"Toppf\u00e5geljakt.\" \/><\/figure><\/a><\/div><div class=\"swiper-slide\" role=\"group\" aria-roledescription=\"slide\" aria-label=\"6 of 6\" data-no-translation-aria-label=\"\"><a data-elementor-open-lightbox=\"yes\" data-elementor-lightbox-slideshow=\"6ff05a6\" data-elementor-lightbox-title=\"Toppf\u00e5geljakt.\" data-e-action-hash=\"#elementor-action%3Aaction%3Dlightbox%26settings%3DeyJpZCI6MTU0MywidXJsIjoiaHR0cHM6XC9cL3d3dy5oc2phbXRsYW5kLnNlXC9odW50XC93cC1jb250ZW50XC91cGxvYWRzXC9zaXRlc1wvMlwvMjAyMlwvMTBcL0dhbGxlcmktVG9wcGZhXHUwMzBhZ2VsamFrdC0yLXNjYWxlZC5qcGVnIiwic2xpZGVzaG93IjoiNmZmMDVhNiJ9\" href=\"https:\/\/www.hsjamtland.se\/hunt\/wp-content\/uploads\/sites\/2\/2022\/10\/Galleri-Toppfa\u030ageljakt-2-scaled.jpeg\"><figure class=\"swiper-slide-inner\"><img decoding=\"async\" class=\"swiper-slide-image\" src=\"https:\/\/www.hsjamtland.se\/hunt\/wp-content\/uploads\/sites\/2\/2022\/10\/Galleri-Toppfa\u030ageljakt-2-300x225.jpeg\" alt=\"Toppf\u00e5geljakt.\" \/><\/figure><\/a><\/div>\t\t\t<\/div>\n\t\t\t\t\t\t\t\t\t\t\t\t<div class=\"elementor-swiper-button elementor-swiper-button-prev\" role=\"button\" tabindex=\"0\">\n\t\t\t\t\t\t<i aria-hidden=\"true\" class=\"eicon-chevron-left\"><\/i>\t\t\t\t\t<\/div>\n\t\t\t\t\t<div class=\"elementor-swiper-button elementor-swiper-button-next\" role=\"button\" tabindex=\"0\">\n\t\t\t\t\t\t<i aria-hidden=\"true\" class=\"eicon-chevron-right\"><\/i>\t\t\t\t\t<\/div>\n\t\t\t\t\n\t\t\t\t\t\t\t\t\t<div class=\"swiper-pagination\"><\/div>\n\t\t\t\t\t\t\t\t\t<\/div>\n\t\t\t\t\t\t<\/div>\n\t\t\t\t<\/div>\n\t\t\t\t\t<\/div>\n\t\t<\/div>\n\t\t\t\t\t<\/div>\n\t\t<\/section>\n\t\t\t\t<\/div>","protected":false},"excerpt":{"rendered":"<p>Toppf\u00e5geljakt \u00a0 Vintertid erbjuder vi toppf\u00e5geljakt d\u00e4r vi bland annat jagar orre och tj\u00e4der. Toppf\u00e5geljakt \u00e4r en jaktform som bjuder p\u00e5 fantastiska naturupplevelser p\u00e5 de sn\u00f6t\u00e4ckta markerna. Jakten sker p\u00e5 l\u00f6ssn\u00f6skidor och oftast utan hundar. Toppf\u00e5geljakten \u00e4r liksom \u00e4lg- och bj\u00f6rnjakten en all-inclusive upplevelse d\u00e4r s\u00e5v\u00e4l jaktledare, mat, dryck, boende som transport ing\u00e5r. \u00c4ven utrustning [&hellip;]<\/p>\n","protected":false},"author":1,"featured_media":0,"parent":0,"menu_order":0,"comment_status":"closed","ping_status":"closed","template":"","meta":{"_seopress_robots_primary_cat":"","_seopress_titles_title":"","_seopress_titles_desc":"","_seopress_robots_index":"","site-sidebar-layout":"no-sidebar","site-content-layout":"page-builder","ast-site-content-layout":"default","site-content-style":"default","site-sidebar-style":"default","ast-global-header-display":"","ast-banner-title-visibility":"","ast-main-header-display":"","ast-hfb-above-header-display":"","ast-hfb-below-header-display":"","ast-hfb-mobile-header-display":"","site-post-title":"disabled","ast-breadcrumbs-content":"","ast-featured-img":"disabled","footer-sml-layout":"","ast-disable-related-posts":"","theme-transparent-header-meta":"","adv-header-id-meta":"","stick-header-meta":"","header-above-stick-meta":"","header-main-stick-meta":"","header-below-stick-meta":"","astra-migrate-meta-layouts":"default","ast-page-background-enabled":"default","ast-page-background-meta":{"desktop":{"background-color":"var(--ast-global-color-4)","background-image":"","background-repeat":"repeat","background-position":"center center","background-size":"auto","background-attachment":"scroll","background-type":"","background-media":"","overlay-type":"","overlay-color":"","overlay-opacity":"","overlay-gradient":""},"tablet":{"background-color":"","background-image":"","background-repeat":"repeat","background-position":"center center","background-size":"auto","background-attachment":"scroll","background-type":"","background-media":"","overlay-type":"","overlay-color":"","overlay-opacity":"","overlay-gradient":""},"mobile":{"background-color":"","background-image":"","background-repeat":"repeat","background-position":"center center","background-size":"auto","background-attachment":"scroll","background-type":"","background-media":"","overlay-type":"","overlay-color":"","overlay-opacity":"","overlay-gradient":""}},"ast-content-background-meta":{"desktop":{"background-color":"var(--ast-global-color-5)","background-image":"","background-repeat":"repeat","background-position":"center center","background-size":"auto","background-attachment":"scroll","background-type":"","background-media":"","overlay-type":"","overlay-color":"","overlay-opacity":"","overlay-gradient":""},"tablet":{"background-color":"var(--ast-global-color-5)","background-image":"","background-repeat":"repeat","background-position":"center center","background-size":"auto","background-attachment":"scroll","background-type":"","background-media":"","overlay-type":"","overlay-color":"","overlay-opacity":"","overlay-gradient":""},"mobile":{"background-color":"var(--ast-global-color-5)","background-image":"","background-repeat":"repeat","background-position":"center center","background-size":"auto","background-attachment":"scroll","background-type":"","background-media":"","overlay-type":"","overlay-color":"","overlay-opacity":"","overlay-gradient":""}},"footnotes":""},"class_list":["post-14","page","type-page","status-publish","hentry"],"_links":{"self":[{"href":"https:\/\/www.hsjamtland.se\/hunt\/de\/wp-json\/wp\/v2\/pages\/14","targetHints":{"allow":["GET"]}}],"collection":[{"href":"https:\/\/www.hsjamtland.se\/hunt\/de\/wp-json\/wp\/v2\/pages"}],"about":[{"href":"https:\/\/www.hsjamtland.se\/hunt\/de\/wp-json\/wp\/v2\/types\/page"}],"author":[{"embeddable":true,"href":"https:\/\/www.hsjamtland.se\/hunt\/de\/wp-json\/wp\/v2\/users\/1"}],"replies":[{"embeddable":true,"href":"https:\/\/www.hsjamtland.se\/hunt\/de\/wp-json\/wp\/v2\/comments?post=14"}],"version-history":[{"count":31,"href":"https:\/\/www.hsjamtland.se\/hunt\/de\/wp-json\/wp\/v2\/pages\/14\/revisions"}],"predecessor-version":[{"id":1725,"href":"https:\/\/www.hsjamtland.se\/hunt\/de\/wp-json\/wp\/v2\/pages\/14\/revisions\/1725"}],"wp:attachment":[{"href":"https:\/\/www.hsjamtland.se\/hunt\/de\/wp-json\/wp\/v2\/media?parent=14"}],"curies":[{"name":"wp","href":"https:\/\/api.w.org\/{rel}","templated":true}]}}