{"id":1562,"date":"2022-10-26T15:56:56","date_gmt":"2022-10-26T13:56:56","guid":{"rendered":"https:\/\/www.hsjamtland.se\/?page_id=1562"},"modified":"2022-12-28T11:09:35","modified_gmt":"2022-12-28T09:09:35","slug":"integritetspolicy","status":"publish","type":"page","link":"https:\/\/www.hsjamtland.se\/en\/privacy-policy\/","title":{"rendered":"Privacy policy"},"content":{"rendered":"<div data-elementor-type=\"wp-page\" data-elementor-id=\"1562\" class=\"elementor elementor-1562\">\n\t\t\t\t\t\t<section class=\"elementor-section elementor-top-section elementor-element elementor-element-d7ff75e elementor-section-full_width elementor-section-height-default elementor-section-height-default\" data-id=\"d7ff75e\" data-element_type=\"section\" data-e-type=\"section\">\n\t\t\t\t\t\t<div class=\"elementor-container elementor-column-gap-default\">\n\t\t\t\t\t<div class=\"elementor-column elementor-col-100 elementor-top-column elementor-element elementor-element-b996bf7\" data-id=\"b996bf7\" data-element_type=\"column\" data-e-type=\"column\">\n\t\t\t<div class=\"elementor-widget-wrap elementor-element-populated\">\n\t\t\t\t\t\t<div class=\"elementor-element elementor-element-13901d8 elementor-widget elementor-widget-image\" data-id=\"13901d8\" data-element_type=\"widget\" data-e-type=\"widget\" data-widget_type=\"image.default\">\n\t\t\t\t<div class=\"elementor-widget-container\">\n\t\t\t\t\t\t\t\t\t\t\t\t\t\t\t\t<a href=\"\/en\/\">\n\t\t\t\t\t\t\t<img fetchpriority=\"high\" decoding=\"async\" width=\"2000\" height=\"1136\" src=\"https:\/\/www.hsjamtland.se\/wp-content\/uploads\/2022\/10\/Hunt-and-Ski-logo.png\" class=\"attachment-full size-full wp-image-1484\" alt=\"\" srcset=\"https:\/\/www.hsjamtland.se\/wp-content\/uploads\/2022\/10\/Hunt-and-Ski-logo.png 2000w, https:\/\/www.hsjamtland.se\/wp-content\/uploads\/2022\/10\/Hunt-and-Ski-logo-300x170.png 300w, https:\/\/www.hsjamtland.se\/wp-content\/uploads\/2022\/10\/Hunt-and-Ski-logo-1024x582.png 1024w, https:\/\/www.hsjamtland.se\/wp-content\/uploads\/2022\/10\/Hunt-and-Ski-logo-768x436.png 768w, https:\/\/www.hsjamtland.se\/wp-content\/uploads\/2022\/10\/Hunt-and-Ski-logo-1536x872.png 1536w\" sizes=\"(max-width: 2000px) 100vw, 2000px\" \/>\t\t\t\t\t\t\t\t<\/a>\n\t\t\t\t\t\t\t\t\t\t\t\t\t\t\t<\/div>\n\t\t\t\t<\/div>\n\t\t\t\t\t<\/div>\n\t\t<\/div>\n\t\t\t\t\t<\/div>\n\t\t<\/section>\n\t\t\t\t<section class=\"elementor-section elementor-top-section elementor-element elementor-element-d1efb9a elementor-section-boxed elementor-section-height-default elementor-section-height-default\" data-id=\"d1efb9a\" data-element_type=\"section\" data-e-type=\"section\">\n\t\t\t\t\t\t<div class=\"elementor-container elementor-column-gap-default\">\n\t\t\t\t\t<div class=\"elementor-column elementor-col-100 elementor-top-column elementor-element elementor-element-16ce7b6\" data-id=\"16ce7b6\" data-element_type=\"column\" data-e-type=\"column\">\n\t\t\t<div class=\"elementor-widget-wrap elementor-element-populated\">\n\t\t\t\t\t\t<div class=\"elementor-element elementor-element-5ee558a elementor-widget elementor-widget-spacer\" data-id=\"5ee558a\" data-element_type=\"widget\" data-e-type=\"widget\" data-widget_type=\"spacer.default\">\n\t\t\t\t<div class=\"elementor-widget-container\">\n\t\t\t\t\t\t\t<div class=\"elementor-spacer\">\n\t\t\t<div class=\"elementor-spacer-inner\"><\/div>\n\t\t<\/div>\n\t\t\t\t\t\t<\/div>\n\t\t\t\t<\/div>\n\t\t\t\t\t<\/div>\n\t\t<\/div>\n\t\t\t\t\t<\/div>\n\t\t<\/section>\n\t\t\t\t<section class=\"elementor-section elementor-top-section elementor-element elementor-element-7affe0d elementor-section-boxed elementor-section-height-default elementor-section-height-default\" data-id=\"7affe0d\" data-element_type=\"section\" data-e-type=\"section\">\n\t\t\t\t\t\t<div class=\"elementor-container elementor-column-gap-default\">\n\t\t\t\t\t<div class=\"elementor-column elementor-col-100 elementor-top-column elementor-element elementor-element-202fda0\" data-id=\"202fda0\" data-element_type=\"column\" data-e-type=\"column\">\n\t\t\t<div class=\"elementor-widget-wrap elementor-element-populated\">\n\t\t\t\t\t\t<div class=\"elementor-element elementor-element-4470e39 elementor-widget elementor-widget-text-editor\" data-id=\"4470e39\" data-element_type=\"widget\" data-e-type=\"widget\" data-widget_type=\"text-editor.default\">\n\t\t\t\t<div class=\"elementor-widget-container\">\n\t\t\t\t\t\t\t\t\t<h1>Privacy policy<\/h1>\t\t\t\t\t\t\t\t<\/div>\n\t\t\t\t<\/div>\n\t\t\t\t\t<\/div>\n\t\t<\/div>\n\t\t\t\t\t<\/div>\n\t\t<\/section>\n\t\t\t\t<section class=\"elementor-section elementor-top-section elementor-element elementor-element-a35080c elementor-section-boxed elementor-section-height-default elementor-section-height-default\" data-id=\"a35080c\" data-element_type=\"section\" data-e-type=\"section\">\n\t\t\t\t\t\t<div class=\"elementor-container elementor-column-gap-default\">\n\t\t\t\t\t<div class=\"elementor-column elementor-col-100 elementor-top-column elementor-element elementor-element-128c25e\" data-id=\"128c25e\" data-element_type=\"column\" data-e-type=\"column\">\n\t\t\t<div class=\"elementor-widget-wrap elementor-element-populated\">\n\t\t\t\t\t\t<div class=\"elementor-element elementor-element-d24f58b elementor-widget elementor-widget-spacer\" data-id=\"d24f58b\" data-element_type=\"widget\" data-e-type=\"widget\" data-widget_type=\"spacer.default\">\n\t\t\t\t<div class=\"elementor-widget-container\">\n\t\t\t\t\t\t\t<div class=\"elementor-spacer\">\n\t\t\t<div class=\"elementor-spacer-inner\"><\/div>\n\t\t<\/div>\n\t\t\t\t\t\t<\/div>\n\t\t\t\t<\/div>\n\t\t\t\t\t<\/div>\n\t\t<\/div>\n\t\t\t\t\t<\/div>\n\t\t<\/section>\n\t\t\t\t<section class=\"elementor-section elementor-top-section elementor-element elementor-element-ec1a4b2 elementor-section-boxed elementor-section-height-default elementor-section-height-default\" data-id=\"ec1a4b2\" data-element_type=\"section\" data-e-type=\"section\">\n\t\t\t\t\t\t<div class=\"elementor-container elementor-column-gap-default\">\n\t\t\t\t\t<div class=\"elementor-column elementor-col-100 elementor-top-column elementor-element elementor-element-b8c8830\" data-id=\"b8c8830\" data-element_type=\"column\" data-e-type=\"column\">\n\t\t\t<div class=\"elementor-widget-wrap elementor-element-populated\">\n\t\t\t\t\t\t<div class=\"elementor-element elementor-element-45d4080 elementor-widget elementor-widget-text-editor\" data-id=\"45d4080\" data-element_type=\"widget\" data-e-type=\"widget\" data-widget_type=\"text-editor.default\">\n\t\t\t\t<div class=\"elementor-widget-container\">\n\t\t\t\t\t\t\t\t\t<h2>About personal data<\/h2><p>\u00a0<\/p><p>When you order a service, use any of the contact forms on our website, subscribe to newsletters, sign up for events, send an email to us, call us, or apply for employment, your information will be used to respond to your inquiry. The information may then be shared with third-party service providers who provide services on our behalf. Personal data may be transferred to a group company.<\/p><p>\u00a0<\/p><p>Hunt and Ski in J\u00e4mtland is the data controller of personal data provided to us. You are not obliged to provide any personal data to us.<\/p><p>\u00a0<\/p><p>We process the data for your specific inquiry. These data are processed based on an agreement with you.<\/p><p>\u00a0<\/p><p>Personal data is stored for a period of one year, from the end of our engagement. If you unsubscribe from newsletters or similar, the information will be deleted immediately.<\/p><p>\u00a0<\/p><p>You have the right to, free of charge, demand information about the use of personal data regarding yourself. We will, on your request or on our own initiative, correct, delete or limit the processing of inaccurate personal data in relation to you. You have the right to demand that your personal data is not processed for direct marketing purposes. You are entitled to take part of the collected personal data, in relation to you, in a machine-readable format. If you are dissatisfied with our collecting or processing of your personal data, you can file a complaint to the Swedish supervisory authority which is the Swedish Authority for Privacy Protection (www.imy.se). You can also turn to the supervisory authority at your habitual residence or place of work.<\/p><p>\u00a0<\/p><p>In case of questions about our processing of personal data, you are welcome to contact us at info@hsjamtland.se or at our address below.<\/p><p>\u00a0<\/p><p>The controller of personal data is Bergs s\u00e5g &amp; Tr\u00e4varu AB, 556785-9169, Br\u00e5nan 600, 845 52 \u00c5sarna, www.hsjamtland.se, info@hsjamtland.se.<\/p><p>\u00a0<\/p><h2>About cookies<\/h2><p>\u00a0<\/p><p>If you visit our website, we use cookies to collect non-personally identifiable information such as type of browser you are using, type of operating system you are using, your IP-address, and the name of your internet service provider, and if you are a recurring visitor. All of that information is anonymous, so we do not know who you are, just that somebody visited our website. For more information about the cookies we use and how to disable cookies, visit the link listed below. If you choose not to accept cookies, the website can still be used but with limited functionality.<\/p><p>\u00a0<\/p><p><a href=\"https:\/\/www.hsjamtland.se\/en\/cookies\/\">More information about our cookies.<\/a><\/p>\t\t\t\t\t\t\t\t<\/div>\n\t\t\t\t<\/div>\n\t\t\t\t\t<\/div>\n\t\t<\/div>\n\t\t\t\t\t<\/div>\n\t\t<\/section>\n\t\t\t\t<section class=\"elementor-section elementor-top-section elementor-element elementor-element-23faa88 elementor-section-boxed elementor-section-height-default elementor-section-height-default\" data-id=\"23faa88\" data-element_type=\"section\" data-e-type=\"section\">\n\t\t\t\t\t\t<div class=\"elementor-container elementor-column-gap-default\">\n\t\t\t\t\t<div class=\"elementor-column elementor-col-100 elementor-top-column elementor-element elementor-element-0407244\" data-id=\"0407244\" data-element_type=\"column\" data-e-type=\"column\">\n\t\t\t<div class=\"elementor-widget-wrap elementor-element-populated\">\n\t\t\t\t\t\t<div class=\"elementor-element elementor-element-922b60f elementor-widget elementor-widget-spacer\" data-id=\"922b60f\" data-element_type=\"widget\" data-e-type=\"widget\" data-widget_type=\"spacer.default\">\n\t\t\t\t<div class=\"elementor-widget-container\">\n\t\t\t\t\t\t\t<div class=\"elementor-spacer\">\n\t\t\t<div class=\"elementor-spacer-inner\"><\/div>\n\t\t<\/div>\n\t\t\t\t\t\t<\/div>\n\t\t\t\t<\/div>\n\t\t\t\t\t<\/div>\n\t\t<\/div>\n\t\t\t\t\t<\/div>\n\t\t<\/section>\n\t\t\t\t<\/div>","protected":false},"excerpt":{"rendered":"<p>Integritetspolicy Om personuppgifter \u00a0 N\u00e4r du best\u00e4ller en tj\u00e4nst, anv\u00e4nder ett kontaktformul\u00e4r p\u00e5 v\u00e5r hemsida, prenumererar p\u00e5 nyhetsbrev, anm\u00e4ler dig till event, skickar e-post eller ringer till oss eller ans\u00f6ker om anst\u00e4llning kommer dina uppgifter anv\u00e4ndas f\u00f6r att hantera ditt specifika \u00e4rende. Uppgifterna kan d\u00e5 komma att delas med utomst\u00e5ende tj\u00e4nsteleverant\u00f6rer som utf\u00f6r uppdrag f\u00f6r [&hellip;]<\/p>\n","protected":false},"author":1,"featured_media":0,"parent":0,"menu_order":0,"comment_status":"closed","ping_status":"closed","template":"","meta":{"_seopress_robots_primary_cat":"","_seopress_titles_title":"","_seopress_titles_desc":"","_seopress_robots_index":"","site-sidebar-layout":"no-sidebar","site-content-layout":"page-builder","ast-site-content-layout":"default","site-content-style":"default","site-sidebar-style":"default","ast-global-header-display":"","ast-banner-title-visibility":"","ast-main-header-display":"","ast-hfb-above-header-display":"","ast-hfb-below-header-display":"","ast-hfb-mobile-header-display":"","site-post-title":"disabled","ast-breadcrumbs-content":"","ast-featured-img":"disabled","footer-sml-layout":"","ast-disable-related-posts":"","theme-transparent-header-meta":"default","adv-header-id-meta":"","stick-header-meta":"","header-above-stick-meta":"","header-main-stick-meta":"","header-below-stick-meta":"","astra-migrate-meta-layouts":"default","ast-page-background-enabled":"default","ast-page-background-meta":{"desktop":{"background-color":"var(--ast-global-color-4)","background-image":"","background-repeat":"repeat","background-position":"center center","background-size":"auto","background-attachment":"scroll","background-type":"","background-media":"","overlay-type":"","overlay-color":"","overlay-opacity":"","overlay-gradient":""},"tablet":{"background-color":"","background-image":"","background-repeat":"repeat","background-position":"center center","background-size":"auto","background-attachment":"scroll","background-type":"","background-media":"","overlay-type":"","overlay-color":"","overlay-opacity":"","overlay-gradient":""},"mobile":{"background-color":"","background-image":"","background-repeat":"repeat","background-position":"center center","background-size":"auto","background-attachment":"scroll","background-type":"","background-media":"","overlay-type":"","overlay-color":"","overlay-opacity":"","overlay-gradient":""}},"ast-content-background-meta":{"desktop":{"background-color":"var(--ast-global-color-5)","background-image":"","background-repeat":"repeat","background-position":"center center","background-size":"auto","background-attachment":"scroll","background-type":"","background-media":"","overlay-type":"","overlay-color":"","overlay-opacity":"","overlay-gradient":""},"tablet":{"background-color":"var(--ast-global-color-5)","background-image":"","background-repeat":"repeat","background-position":"center center","background-size":"auto","background-attachment":"scroll","background-type":"","background-media":"","overlay-type":"","overlay-color":"","overlay-opacity":"","overlay-gradient":""},"mobile":{"background-color":"var(--ast-global-color-5)","background-image":"","background-repeat":"repeat","background-position":"center center","background-size":"auto","background-attachment":"scroll","background-type":"","background-media":"","overlay-type":"","overlay-color":"","overlay-opacity":"","overlay-gradient":""}},"footnotes":""},"class_list":["post-1562","page","type-page","status-publish","hentry"],"_links":{"self":[{"href":"https:\/\/www.hsjamtland.se\/en\/wp-json\/wp\/v2\/pages\/1562","targetHints":{"allow":["GET"]}}],"collection":[{"href":"https:\/\/www.hsjamtland.se\/en\/wp-json\/wp\/v2\/pages"}],"about":[{"href":"https:\/\/www.hsjamtland.se\/en\/wp-json\/wp\/v2\/types\/page"}],"author":[{"embeddable":true,"href":"https:\/\/www.hsjamtland.se\/en\/wp-json\/wp\/v2\/users\/1"}],"replies":[{"embeddable":true,"href":"https:\/\/www.hsjamtland.se\/en\/wp-json\/wp\/v2\/comments?post=1562"}],"version-history":[{"count":29,"href":"https:\/\/www.hsjamtland.se\/en\/wp-json\/wp\/v2\/pages\/1562\/revisions"}],"predecessor-version":[{"id":1610,"href":"https:\/\/www.hsjamtland.se\/en\/wp-json\/wp\/v2\/pages\/1562\/revisions\/1610"}],"wp:attachment":[{"href":"https:\/\/www.hsjamtland.se\/en\/wp-json\/wp\/v2\/media?parent=1562"}],"curies":[{"name":"wp","href":"https:\/\/api.w.org\/{rel}","templated":true}]}}