{"id":1501,"date":"2022-10-26T11:41:50","date_gmt":"2022-10-26T09:41:50","guid":{"rendered":"https:\/\/www.hsjamtland.se\/?page_id=1501"},"modified":"2022-12-28T11:13:24","modified_gmt":"2022-12-28T09:13:24","slug":"cookies","status":"publish","type":"page","link":"https:\/\/www.hsjamtland.se\/en\/cookies\/","title":{"rendered":"Cookies"},"content":{"rendered":"<div data-elementor-type=\"wp-page\" data-elementor-id=\"1501\" class=\"elementor elementor-1501\">\n\t\t\t\t\t\t<section class=\"elementor-section elementor-top-section elementor-element elementor-element-48ef047 elementor-section-full_width elementor-section-height-default elementor-section-height-default\" data-id=\"48ef047\" data-element_type=\"section\" data-e-type=\"section\">\n\t\t\t\t\t\t<div class=\"elementor-container elementor-column-gap-default\">\n\t\t\t\t\t<div class=\"elementor-column elementor-col-100 elementor-top-column elementor-element elementor-element-594ad23\" data-id=\"594ad23\" data-element_type=\"column\" data-e-type=\"column\">\n\t\t\t<div class=\"elementor-widget-wrap elementor-element-populated\">\n\t\t\t\t\t\t<div class=\"elementor-element elementor-element-9877e99 elementor-widget elementor-widget-image\" data-id=\"9877e99\" data-element_type=\"widget\" data-e-type=\"widget\" data-widget_type=\"image.default\">\n\t\t\t\t<div class=\"elementor-widget-container\">\n\t\t\t\t\t\t\t\t\t\t\t\t\t\t\t\t<a href=\"\/en\/\">\n\t\t\t\t\t\t\t<img fetchpriority=\"high\" decoding=\"async\" width=\"2000\" height=\"1136\" src=\"https:\/\/www.hsjamtland.se\/wp-content\/uploads\/2022\/10\/Hunt-and-Ski-logo.png\" class=\"attachment-full size-full wp-image-1484\" alt=\"\" srcset=\"https:\/\/www.hsjamtland.se\/wp-content\/uploads\/2022\/10\/Hunt-and-Ski-logo.png 2000w, https:\/\/www.hsjamtland.se\/wp-content\/uploads\/2022\/10\/Hunt-and-Ski-logo-300x170.png 300w, https:\/\/www.hsjamtland.se\/wp-content\/uploads\/2022\/10\/Hunt-and-Ski-logo-1024x582.png 1024w, https:\/\/www.hsjamtland.se\/wp-content\/uploads\/2022\/10\/Hunt-and-Ski-logo-768x436.png 768w, https:\/\/www.hsjamtland.se\/wp-content\/uploads\/2022\/10\/Hunt-and-Ski-logo-1536x872.png 1536w\" sizes=\"(max-width: 2000px) 100vw, 2000px\" \/>\t\t\t\t\t\t\t\t<\/a>\n\t\t\t\t\t\t\t\t\t\t\t\t\t\t\t<\/div>\n\t\t\t\t<\/div>\n\t\t\t\t\t<\/div>\n\t\t<\/div>\n\t\t\t\t\t<\/div>\n\t\t<\/section>\n\t\t\t\t<section class=\"elementor-section elementor-top-section elementor-element elementor-element-3d89b31 elementor-section-boxed elementor-section-height-default elementor-section-height-default\" data-id=\"3d89b31\" data-element_type=\"section\" data-e-type=\"section\">\n\t\t\t\t\t\t<div class=\"elementor-container elementor-column-gap-default\">\n\t\t\t\t\t<div class=\"elementor-column elementor-col-100 elementor-top-column elementor-element elementor-element-77745a7\" data-id=\"77745a7\" data-element_type=\"column\" data-e-type=\"column\">\n\t\t\t<div class=\"elementor-widget-wrap elementor-element-populated\">\n\t\t\t\t\t\t<div class=\"elementor-element elementor-element-a6f46b7 elementor-widget elementor-widget-spacer\" data-id=\"a6f46b7\" data-element_type=\"widget\" data-e-type=\"widget\" data-widget_type=\"spacer.default\">\n\t\t\t\t<div class=\"elementor-widget-container\">\n\t\t\t\t\t\t\t<div class=\"elementor-spacer\">\n\t\t\t<div class=\"elementor-spacer-inner\"><\/div>\n\t\t<\/div>\n\t\t\t\t\t\t<\/div>\n\t\t\t\t<\/div>\n\t\t\t\t\t<\/div>\n\t\t<\/div>\n\t\t\t\t\t<\/div>\n\t\t<\/section>\n\t\t\t\t<section class=\"elementor-section elementor-top-section elementor-element elementor-element-20007c9 elementor-section-boxed elementor-section-height-default elementor-section-height-default\" data-id=\"20007c9\" data-element_type=\"section\" data-e-type=\"section\">\n\t\t\t\t\t\t<div class=\"elementor-container elementor-column-gap-default\">\n\t\t\t\t\t<div class=\"elementor-column elementor-col-100 elementor-top-column elementor-element elementor-element-96f0736\" data-id=\"96f0736\" data-element_type=\"column\" data-e-type=\"column\">\n\t\t\t<div class=\"elementor-widget-wrap elementor-element-populated\">\n\t\t\t\t\t\t<div class=\"elementor-element elementor-element-cda352a elementor-widget elementor-widget-text-editor\" data-id=\"cda352a\" data-element_type=\"widget\" data-e-type=\"widget\" data-widget_type=\"text-editor.default\">\n\t\t\t\t<div class=\"elementor-widget-container\">\n\t\t\t\t\t\t\t\t\t<h1>Cookies<\/h1><p>\u00a0<\/p><p>Our website uses cookies. A cookie is a small text file that a website saves on your computer or mobile device when you visit the website. It enables the website to remember your actions and preferences such as language and cookie policy accept over a period of time, so you don\u2019t have to keep re-entering them whenever you navigate between pages.<\/p><p>\u00a0<\/p><h2>How we use cookies<\/h2><p>We use cookies to record what pages you view within our website, how you arrived at our website (e.g. from Google, Bing etc.), and some basic information about your computer such as the type of browser you are using, the type of operating system you are using, your IP-address, and the name of your Internet service provider. All of that information is anonymous, so we don\u2019t know who you are, just that somebody visited our site.<\/p><p>\u00a0<\/p><p>The information we collect from analytics helps us understand what parts of our websites are doing well, how people arrive at our website and so on. Like most websites, we use this information to make our website better.<\/p><p>\u00a0<\/p><p>Some 3rd parties like Google and Facebook and Twitter and LinkedIn may know you visited this website, if you use their services. We never share your data with 3rd parties except to help us deliver our own services.<\/p><p>\u00a0<\/p><h2>Cookies used on our website<\/h2><p>\u00a0<\/p><h3>Google Analytics<\/h3><p class=\"translation-block\">Google Analytics is Google\u2019s analytics tool that helps website and app owners to understand how visitors engage with their properties. It may use a set of cookies (_gid, _gat and _ga) to collect information and report website usage statistics without personally identifying individual visitors to Google or us. Learn more about Google Analytics cookies and privacy information.<\/p><p>\u00a0<\/p><h2>How to control cookies<\/h2><p>You can control and\/or delete cookies as you wish \u2013 for details, see\u00a0<a href=\"https:\/\/www.aboutcookies.org\/\">aboutcookies.org<\/a>. You can delete all cookies that are already on your computer and you can set most browsers to prevent them from being placed. If you do this, however, you may have to manually adjust some preferences every time you visit a site and some services and functionalities may not work.<\/p>\t\t\t\t\t\t\t\t<\/div>\n\t\t\t\t<\/div>\n\t\t\t\t\t<\/div>\n\t\t<\/div>\n\t\t\t\t\t<\/div>\n\t\t<\/section>\n\t\t\t\t<section class=\"elementor-section elementor-top-section elementor-element elementor-element-882c8be elementor-section-boxed elementor-section-height-default elementor-section-height-default\" data-id=\"882c8be\" data-element_type=\"section\" data-e-type=\"section\">\n\t\t\t\t\t\t<div class=\"elementor-container elementor-column-gap-default\">\n\t\t\t\t\t<div class=\"elementor-column elementor-col-100 elementor-top-column elementor-element elementor-element-8e8511e\" data-id=\"8e8511e\" data-element_type=\"column\" data-e-type=\"column\">\n\t\t\t<div class=\"elementor-widget-wrap elementor-element-populated\">\n\t\t\t\t\t\t<div class=\"elementor-element elementor-element-495e5be elementor-widget elementor-widget-spacer\" data-id=\"495e5be\" data-element_type=\"widget\" data-e-type=\"widget\" data-widget_type=\"spacer.default\">\n\t\t\t\t<div class=\"elementor-widget-container\">\n\t\t\t\t\t\t\t<div class=\"elementor-spacer\">\n\t\t\t<div class=\"elementor-spacer-inner\"><\/div>\n\t\t<\/div>\n\t\t\t\t\t\t<\/div>\n\t\t\t\t<\/div>\n\t\t\t\t\t<\/div>\n\t\t<\/div>\n\t\t\t\t\t<\/div>\n\t\t<\/section>\n\t\t\t\t<\/div>","protected":false},"excerpt":{"rendered":"<p>Cookies \u00a0 Webbplatsen anv\u00e4nder cookies. En cookie \u00e4r en liten textfilen som webbl\u00e4saren sparar p\u00e5 din dator eller mobila enhet n\u00e4r du bes\u00f6ker v\u00e5r webbplats. En cookie g\u00f6r det m\u00f6jligt f\u00f6r webbplatsen att komma ih\u00e5g vilka sidor du bes\u00f6kt, inst\u00e4llningar som spr\u00e5k och cookie accept s\u00e5 att du t.ex. inte beh\u00f6ver \u00e4ndra spr\u00e5kinst\u00e4llningen varje g\u00e5ng [&hellip;]<\/p>\n","protected":false},"author":1,"featured_media":0,"parent":0,"menu_order":0,"comment_status":"closed","ping_status":"closed","template":"","meta":{"_seopress_robots_primary_cat":"","_seopress_titles_title":"","_seopress_titles_desc":"","_seopress_robots_index":"","site-sidebar-layout":"no-sidebar","site-content-layout":"page-builder","ast-site-content-layout":"default","site-content-style":"default","site-sidebar-style":"default","ast-global-header-display":"","ast-banner-title-visibility":"","ast-main-header-display":"","ast-hfb-above-header-display":"","ast-hfb-below-header-display":"","ast-hfb-mobile-header-display":"","site-post-title":"disabled","ast-breadcrumbs-content":"","ast-featured-img":"disabled","footer-sml-layout":"","ast-disable-related-posts":"","theme-transparent-header-meta":"default","adv-header-id-meta":"","stick-header-meta":"","header-above-stick-meta":"","header-main-stick-meta":"","header-below-stick-meta":"","astra-migrate-meta-layouts":"default","ast-page-background-enabled":"default","ast-page-background-meta":{"desktop":{"background-color":"var(--ast-global-color-4)","background-image":"","background-repeat":"repeat","background-position":"center center","background-size":"auto","background-attachment":"scroll","background-type":"","background-media":"","overlay-type":"","overlay-color":"","overlay-opacity":"","overlay-gradient":""},"tablet":{"background-color":"","background-image":"","background-repeat":"repeat","background-position":"center center","background-size":"auto","background-attachment":"scroll","background-type":"","background-media":"","overlay-type":"","overlay-color":"","overlay-opacity":"","overlay-gradient":""},"mobile":{"background-color":"","background-image":"","background-repeat":"repeat","background-position":"center center","background-size":"auto","background-attachment":"scroll","background-type":"","background-media":"","overlay-type":"","overlay-color":"","overlay-opacity":"","overlay-gradient":""}},"ast-content-background-meta":{"desktop":{"background-color":"var(--ast-global-color-5)","background-image":"","background-repeat":"repeat","background-position":"center center","background-size":"auto","background-attachment":"scroll","background-type":"","background-media":"","overlay-type":"","overlay-color":"","overlay-opacity":"","overlay-gradient":""},"tablet":{"background-color":"var(--ast-global-color-5)","background-image":"","background-repeat":"repeat","background-position":"center center","background-size":"auto","background-attachment":"scroll","background-type":"","background-media":"","overlay-type":"","overlay-color":"","overlay-opacity":"","overlay-gradient":""},"mobile":{"background-color":"var(--ast-global-color-5)","background-image":"","background-repeat":"repeat","background-position":"center center","background-size":"auto","background-attachment":"scroll","background-type":"","background-media":"","overlay-type":"","overlay-color":"","overlay-opacity":"","overlay-gradient":""}},"footnotes":""},"class_list":["post-1501","page","type-page","status-publish","hentry"],"_links":{"self":[{"href":"https:\/\/www.hsjamtland.se\/en\/wp-json\/wp\/v2\/pages\/1501","targetHints":{"allow":["GET"]}}],"collection":[{"href":"https:\/\/www.hsjamtland.se\/en\/wp-json\/wp\/v2\/pages"}],"about":[{"href":"https:\/\/www.hsjamtland.se\/en\/wp-json\/wp\/v2\/types\/page"}],"author":[{"embeddable":true,"href":"https:\/\/www.hsjamtland.se\/en\/wp-json\/wp\/v2\/users\/1"}],"replies":[{"embeddable":true,"href":"https:\/\/www.hsjamtland.se\/en\/wp-json\/wp\/v2\/comments?post=1501"}],"version-history":[{"count":23,"href":"https:\/\/www.hsjamtland.se\/en\/wp-json\/wp\/v2\/pages\/1501\/revisions"}],"predecessor-version":[{"id":1613,"href":"https:\/\/www.hsjamtland.se\/en\/wp-json\/wp\/v2\/pages\/1501\/revisions\/1613"}],"wp:attachment":[{"href":"https:\/\/www.hsjamtland.se\/en\/wp-json\/wp\/v2\/media?parent=1501"}],"curies":[{"name":"wp","href":"https:\/\/api.w.org\/{rel}","templated":true}]}}